{"id":7419,"date":"2023-07-28T08:13:53","date_gmt":"2023-07-28T06:13:53","guid":{"rendered":"http:\/\/new.decoczar.pl\/index.php\/product\/topper-kobieta-w-kieliszku-urodziny-20-30-40-50-6\/"},"modified":"2023-07-28T08:13:53","modified_gmt":"2023-07-28T06:13:53","slug":"topper-kobieta-w-kieliszku-urodziny-20-30-40-50-6","status":"publish","type":"product","link":"https:\/\/new.decoczar.pl\/index.php\/product\/topper-kobieta-w-kieliszku-urodziny-20-30-40-50-6\/","title":{"rendered":"Topper kobieta w kieliszku urodziny 20 \/30 \/ 40 \/ 50"},"content":{"rendered":"<p>Topper<\/p>\n<p> \tSzeroko\u015b\u0107 ok 13 cm<br \/>\n \tWysoko\u015b\u0107 14 CM<br \/>\n \tDrewniany szpikulec<br \/>\n \tMateria\u0142 : drewno<br \/>\n \tKolor Czarny<br \/>\n \tW uwagach do zam\u00f3wienia prosz\u0119 wpisa\u0107 liczb\u0119 i imi\u0119<br \/>\n \tCzas realizacji do 5 dni roboczych po zaksi\u0119gowaniu wp\u0142aty !!!<\/p>\n<p>WYSY\u0141KA TYLKO\u00a0 KURIER !!!<\/p>\n","protected":false},"excerpt":{"rendered":"<p>Topper<\/p>\n<p> \tSzeroko\u015b\u0107 ok 13 cm<br \/>\n \tWysoko\u015b\u0107 14 CM<br \/>\n \tDrewniany szpikulec<br \/>\n \tMateria\u0142 : drewno<br \/>\n \tKolor Czarny<br \/>\n \tW uwagach do zam\u00f3wienia prosz\u0119 wpisa\u0107 liczb\u0119 i imi\u0119<br \/>\n \tCzas realizacji do 5 dni roboczych po zaksi\u0119gowaniu wp\u0142aty !!!<\/p>\n<p>WYSY\u0141KA TYLKO\u00a0 KURIER !!!<\/p>\n","protected":false},"featured_media":2518,"comment_status":"open","ping_status":"closed","template":"","meta":[],"etheme_brands":[],"product_cat":[64],"product_tag":[],"class_list":["post-7419","product","type-product","status-publish","has-post-thumbnail","hentry","product_cat-topper"],"_links":{"self":[{"href":"https:\/\/new.decoczar.pl\/index.php\/wp-json\/wp\/v2\/product\/7419","targetHints":{"allow":["GET"]}}],"collection":[{"href":"https:\/\/new.decoczar.pl\/index.php\/wp-json\/wp\/v2\/product"}],"about":[{"href":"https:\/\/new.decoczar.pl\/index.php\/wp-json\/wp\/v2\/types\/product"}],"replies":[{"embeddable":true,"href":"https:\/\/new.decoczar.pl\/index.php\/wp-json\/wp\/v2\/comments?post=7419"}],"wp:featuredmedia":[{"embeddable":true,"href":"https:\/\/new.decoczar.pl\/index.php\/wp-json\/wp\/v2\/media\/2518"}],"wp:attachment":[{"href":"https:\/\/new.decoczar.pl\/index.php\/wp-json\/wp\/v2\/media?parent=7419"}],"wp:term":[{"taxonomy":"brand","embeddable":true,"href":"https:\/\/new.decoczar.pl\/index.php\/wp-json\/wp\/v2\/etheme_brands?post=7419"},{"taxonomy":"product_cat","embeddable":true,"href":"https:\/\/new.decoczar.pl\/index.php\/wp-json\/wp\/v2\/product_cat?post=7419"},{"taxonomy":"product_tag","embeddable":true,"href":"https:\/\/new.decoczar.pl\/index.php\/wp-json\/wp\/v2\/product_tag?post=7419"}],"curies":[{"name":"wp","href":"https:\/\/api.w.org\/{rel}","templated":true}]}}