{"id":7531,"date":"2023-07-28T08:17:40","date_gmt":"2023-07-28T06:17:40","guid":{"rendered":"http:\/\/new.decoczar.pl\/index.php\/product\/napis-lustrzany-srebrne-lustro-6\/"},"modified":"2023-07-28T08:17:40","modified_gmt":"2023-07-28T06:17:40","slug":"napis-lustrzany-srebrne-lustro-6","status":"publish","type":"product","link":"https:\/\/new.decoczar.pl\/index.php\/product\/napis-lustrzany-srebrne-lustro-6\/","title":{"rendered":"Napis Lustrzany srebrne lustro"},"content":{"rendered":"<p>Napis Lustrzany<\/p>\n<p> \tWymiary 10 x 4,5\u00a0 cm<br \/>\n \tMateria\u0142: lustro akrylowe 3 mm<br \/>\n \tKolor srebrny<br \/>\n \tW uwagach do zam\u00f3wienia prosz\u0119 poda\u0107 &#8222;wyraz &#8221;<br \/>\n \tCzas realizacji od 5 dni roboczych po zaksi\u0119gowaniu wp\u0142aty<\/p>\n","protected":false},"excerpt":{"rendered":"<p>Napis Lustrzany<\/p>\n<p> \tWymiary 10 x 4,5\u00a0 cm<br \/>\n \tMateria\u0142: lustro akrylowe 3 mm<br \/>\n \tKolor srebrny<br \/>\n \tW uwagach do zam\u00f3wienia prosz\u0119 poda\u0107 &#8222;wyraz &#8221;<br \/>\n \tCzas realizacji od 5 dni roboczych po zaksi\u0119gowaniu wp\u0142aty<\/p>\n","protected":false},"featured_media":2942,"comment_status":"open","ping_status":"closed","template":"","meta":[],"etheme_brands":[],"product_cat":[78],"product_tag":[],"class_list":["post-7531","product","type-product","status-publish","has-post-thumbnail","hentry","product_cat-slub-dekoracje"],"_links":{"self":[{"href":"https:\/\/new.decoczar.pl\/index.php\/wp-json\/wp\/v2\/product\/7531","targetHints":{"allow":["GET"]}}],"collection":[{"href":"https:\/\/new.decoczar.pl\/index.php\/wp-json\/wp\/v2\/product"}],"about":[{"href":"https:\/\/new.decoczar.pl\/index.php\/wp-json\/wp\/v2\/types\/product"}],"replies":[{"embeddable":true,"href":"https:\/\/new.decoczar.pl\/index.php\/wp-json\/wp\/v2\/comments?post=7531"}],"wp:featuredmedia":[{"embeddable":true,"href":"https:\/\/new.decoczar.pl\/index.php\/wp-json\/wp\/v2\/media\/2942"}],"wp:attachment":[{"href":"https:\/\/new.decoczar.pl\/index.php\/wp-json\/wp\/v2\/media?parent=7531"}],"wp:term":[{"taxonomy":"brand","embeddable":true,"href":"https:\/\/new.decoczar.pl\/index.php\/wp-json\/wp\/v2\/etheme_brands?post=7531"},{"taxonomy":"product_cat","embeddable":true,"href":"https:\/\/new.decoczar.pl\/index.php\/wp-json\/wp\/v2\/product_cat?post=7531"},{"taxonomy":"product_tag","embeddable":true,"href":"https:\/\/new.decoczar.pl\/index.php\/wp-json\/wp\/v2\/product_tag?post=7531"}],"curies":[{"name":"wp","href":"https:\/\/api.w.org\/{rel}","templated":true}]}}