{"id":7635,"date":"2023-07-30T05:09:57","date_gmt":"2023-07-30T03:09:57","guid":{"rendered":"https:\/\/new.decoczar.pl\/index.php\/product\/topper-urodzinowy-niebieski-z-grafika-balony-6\/"},"modified":"2023-07-30T05:09:57","modified_gmt":"2023-07-30T03:09:57","slug":"topper-urodzinowy-niebieski-z-grafika-balony-6","status":"publish","type":"product","link":"https:\/\/new.decoczar.pl\/index.php\/product\/topper-urodzinowy-niebieski-z-grafika-balony-6\/","title":{"rendered":"Topper Urodzinowy niebieski z grafika balony"},"content":{"rendered":"<p>Napisy ze sklejki<\/p>\n<p> \tWymiary szeroko\u015b\u0107 15 cm<br \/>\n \tWysoko\u015b\u0107 9 cm<br \/>\n \tWykonany ze sklejki brzozowej 3 mm nie z cienkiej\u00a0beermaty<br \/>\n \tDrewniane szpikulce<br \/>\n \tKolor niebieski<br \/>\n \tGrafika balony, gwiazdka<\/p>\n<p>WYSY\u0141KA LIST PRIORYTET TOPPER B\u0104D\u0179 KURIER (nie wysy\u0142amy poczt\u0105 za 6,00 z\u0142 !!! )<\/p>\n","protected":false},"excerpt":{"rendered":"<p>Napisy ze sklejki<\/p>\n<p> \tWymiary szeroko\u015b\u0107 15 cm<br \/>\n \tWysoko\u015b\u0107 9 cm<br \/>\n \tWykonany ze sklejki brzozowej 3 mm nie z cienkiej\u00a0beermaty<br \/>\n \tDrewniane szpikulce<br \/>\n \tKolor niebieski<br \/>\n \tGrafika balony, gwiazdka<\/p>\n<p>WYSY\u0141KA LIST PRIORYTET TOPPER B\u0104D\u0179 KURIER (nie wysy\u0142amy poczt\u0105 za 6,00 z\u0142 !!! )<\/p>\n","protected":false},"featured_media":3344,"comment_status":"open","ping_status":"closed","template":"","meta":[],"etheme_brands":[],"product_cat":[64],"product_tag":[],"class_list":["post-7635","product","type-product","status-publish","has-post-thumbnail","hentry","product_cat-topper"],"_links":{"self":[{"href":"https:\/\/new.decoczar.pl\/index.php\/wp-json\/wp\/v2\/product\/7635","targetHints":{"allow":["GET"]}}],"collection":[{"href":"https:\/\/new.decoczar.pl\/index.php\/wp-json\/wp\/v2\/product"}],"about":[{"href":"https:\/\/new.decoczar.pl\/index.php\/wp-json\/wp\/v2\/types\/product"}],"replies":[{"embeddable":true,"href":"https:\/\/new.decoczar.pl\/index.php\/wp-json\/wp\/v2\/comments?post=7635"}],"wp:featuredmedia":[{"embeddable":true,"href":"https:\/\/new.decoczar.pl\/index.php\/wp-json\/wp\/v2\/media\/3344"}],"wp:attachment":[{"href":"https:\/\/new.decoczar.pl\/index.php\/wp-json\/wp\/v2\/media?parent=7635"}],"wp:term":[{"taxonomy":"brand","embeddable":true,"href":"https:\/\/new.decoczar.pl\/index.php\/wp-json\/wp\/v2\/etheme_brands?post=7635"},{"taxonomy":"product_cat","embeddable":true,"href":"https:\/\/new.decoczar.pl\/index.php\/wp-json\/wp\/v2\/product_cat?post=7635"},{"taxonomy":"product_tag","embeddable":true,"href":"https:\/\/new.decoczar.pl\/index.php\/wp-json\/wp\/v2\/product_tag?post=7635"}],"curies":[{"name":"wp","href":"https:\/\/api.w.org\/{rel}","templated":true}]}}