{"id":7695,"date":"2023-08-01T12:38:46","date_gmt":"2023-08-01T10:38:46","guid":{"rendered":"https:\/\/new.decoczar.pl\/index.php\/product\/bombka-drewniana-zawieszka-grawer-dla-pradziadkow-6\/"},"modified":"2023-08-01T12:38:46","modified_gmt":"2023-08-01T10:38:46","slug":"bombka-drewniana-zawieszka-grawer-dla-pradziadkow-6","status":"publish","type":"product","link":"https:\/\/new.decoczar.pl\/index.php\/product\/bombka-drewniana-zawieszka-grawer-dla-pradziadkow-6\/","title":{"rendered":"Bombka Drewniana zawieszka grawer Dla Pradziadk\u00f3w"},"content":{"rendered":"<p>Bombka Drewniana<\/p>\n<p> \tWymiary &#8211; \u015brednica ok 9 cm<br \/>\n \tWykonana ze sklejki brzozowej 3 mm<br \/>\n \tSznurek ozdobny<br \/>\n \tGrafika gwiazdki<br \/>\n \tKolorowa kokardka<br \/>\n \tW uwagach klienta prosz\u0119 wpisa\u0107 imiona<br \/>\n \tStojak sprzedawany oddzielnie<br \/>\n \tCzas realizacji 5 dni roboczych po zaksi\u0119gowaniu wp\u0142aty<\/p>\n<p>Przy wi\u0119kszej ilo\u015bci sztuk &#8211; czas realizacji jest d\u0142u\u017cszy.<\/p>\n","protected":false},"excerpt":{"rendered":"<p>Bombka Drewniana<\/p>\n<p> \tWymiary &#8211; \u015brednica ok 9 cm<br \/>\n \tWykonana ze sklejki brzozowej 3 mm<br \/>\n \tSznurek ozdobny<br \/>\n \tGrafika gwiazdki<br \/>\n \tKolorowa kokardka<br \/>\n \tW uwagach klienta prosz\u0119 wpisa\u0107 imiona<br \/>\n \tStojak sprzedawany oddzielnie<br \/>\n \tCzas realizacji 5 dni roboczych po zaksi\u0119gowaniu wp\u0142aty<\/p>\n<p>Przy wi\u0119kszej ilo\u015bci sztuk &#8211; czas realizacji jest d\u0142u\u017cszy.<\/p>\n","protected":false},"featured_media":3635,"comment_status":"open","ping_status":"closed","template":"","meta":[],"etheme_brands":[],"product_cat":[74],"product_tag":[],"class_list":["post-7695","product","type-product","status-publish","has-post-thumbnail","hentry","product_cat-boze-narodzenie"],"_links":{"self":[{"href":"https:\/\/new.decoczar.pl\/index.php\/wp-json\/wp\/v2\/product\/7695","targetHints":{"allow":["GET"]}}],"collection":[{"href":"https:\/\/new.decoczar.pl\/index.php\/wp-json\/wp\/v2\/product"}],"about":[{"href":"https:\/\/new.decoczar.pl\/index.php\/wp-json\/wp\/v2\/types\/product"}],"replies":[{"embeddable":true,"href":"https:\/\/new.decoczar.pl\/index.php\/wp-json\/wp\/v2\/comments?post=7695"}],"wp:featuredmedia":[{"embeddable":true,"href":"https:\/\/new.decoczar.pl\/index.php\/wp-json\/wp\/v2\/media\/3635"}],"wp:attachment":[{"href":"https:\/\/new.decoczar.pl\/index.php\/wp-json\/wp\/v2\/media?parent=7695"}],"wp:term":[{"taxonomy":"brand","embeddable":true,"href":"https:\/\/new.decoczar.pl\/index.php\/wp-json\/wp\/v2\/etheme_brands?post=7695"},{"taxonomy":"product_cat","embeddable":true,"href":"https:\/\/new.decoczar.pl\/index.php\/wp-json\/wp\/v2\/product_cat?post=7695"},{"taxonomy":"product_tag","embeddable":true,"href":"https:\/\/new.decoczar.pl\/index.php\/wp-json\/wp\/v2\/product_tag?post=7695"}],"curies":[{"name":"wp","href":"https:\/\/api.w.org\/{rel}","templated":true}]}}