{"id":7732,"date":"2023-08-02T09:46:58","date_gmt":"2023-08-02T07:46:58","guid":{"rendered":"http:\/\/new.decoczar.pl\/index.php\/product\/ramka-prezent-dla-mlodej-pary-6\/"},"modified":"2023-08-02T09:46:58","modified_gmt":"2023-08-02T07:46:58","slug":"ramka-prezent-dla-mlodej-pary-6","status":"publish","type":"product","link":"https:\/\/new.decoczar.pl\/index.php\/product\/ramka-prezent-dla-mlodej-pary-6\/","title":{"rendered":"Ramka Prezent dla M\u0142odej Pary"},"content":{"rendered":"<p>Ramka dekoracyjna idealnie nadaj\u0119 sie na prezent dla m\u0142odej pary od grona przyjaci\u00f3\u0142 b\u0105d\u017a uczni\u00f3w.<\/p>\n<p>Pi\u0119kny upominek b\u0119dzie przypomina\u0142 ten wa\u017cny dzie\u0144<\/p>\n","protected":false},"excerpt":{"rendered":"<p>Ramka dekoracyjna idealnie nadaj\u0119 sie na prezent dla m\u0142odej pary od grona przyjaci\u00f3\u0142 b\u0105d\u017a uczni\u00f3w.<\/p>\n<p>Pi\u0119kny upominek b\u0119dzie przypomina\u0142 ten wa\u017cny dzie\u0144<\/p>\n","protected":false},"featured_media":3794,"comment_status":"open","ping_status":"closed","template":"","meta":[],"etheme_brands":[],"product_cat":[78],"product_tag":[],"class_list":["post-7732","product","type-product","status-publish","has-post-thumbnail","hentry","product_cat-slub-dekoracje"],"_links":{"self":[{"href":"https:\/\/new.decoczar.pl\/index.php\/wp-json\/wp\/v2\/product\/7732","targetHints":{"allow":["GET"]}}],"collection":[{"href":"https:\/\/new.decoczar.pl\/index.php\/wp-json\/wp\/v2\/product"}],"about":[{"href":"https:\/\/new.decoczar.pl\/index.php\/wp-json\/wp\/v2\/types\/product"}],"replies":[{"embeddable":true,"href":"https:\/\/new.decoczar.pl\/index.php\/wp-json\/wp\/v2\/comments?post=7732"}],"wp:featuredmedia":[{"embeddable":true,"href":"https:\/\/new.decoczar.pl\/index.php\/wp-json\/wp\/v2\/media\/3794"}],"wp:attachment":[{"href":"https:\/\/new.decoczar.pl\/index.php\/wp-json\/wp\/v2\/media?parent=7732"}],"wp:term":[{"taxonomy":"brand","embeddable":true,"href":"https:\/\/new.decoczar.pl\/index.php\/wp-json\/wp\/v2\/etheme_brands?post=7732"},{"taxonomy":"product_cat","embeddable":true,"href":"https:\/\/new.decoczar.pl\/index.php\/wp-json\/wp\/v2\/product_cat?post=7732"},{"taxonomy":"product_tag","embeddable":true,"href":"https:\/\/new.decoczar.pl\/index.php\/wp-json\/wp\/v2\/product_tag?post=7732"}],"curies":[{"name":"wp","href":"https:\/\/api.w.org\/{rel}","templated":true}]}}