{"id":7759,"date":"2023-08-04T07:46:23","date_gmt":"2023-08-04T05:46:23","guid":{"rendered":"https:\/\/new.decoczar.pl\/index.php\/product\/topper-wieczor-panienski-6\/"},"modified":"2023-08-04T07:46:23","modified_gmt":"2023-08-04T05:46:23","slug":"topper-wieczor-panienski-6","status":"publish","type":"product","link":"https:\/\/new.decoczar.pl\/index.php\/product\/topper-wieczor-panienski-6\/","title":{"rendered":"Topper Wiecz\u00f3r Panie\u0144ski"},"content":{"rendered":"<p>Topper Wiecz\u00f3r Panie\u0144ski<\/p>\n<p>Wykonany ze sklejki gr. 3mm, ci\u0119tej laserem dzi\u0119ki czemu kraw\u0119dzie s\u0105 idealnie g\u0142adkie. Wysoko\u015b\u0107 ca\u0142ego toppera oko\u0142o 6 cm, szeroko\u015b\u0107 14 cm.<\/p>\n<p>Idealnie nadaje si\u0119 na tort czy gad\u017cet do upominku, kwiat\u00f3w<\/p>\n","protected":false},"excerpt":{"rendered":"<p>Topper Wiecz\u00f3r Panie\u0144ski<\/p>\n<p>Wykonany ze sklejki gr. 3mm, ci\u0119tej laserem dzi\u0119ki czemu kraw\u0119dzie s\u0105 idealnie g\u0142adkie. Wysoko\u015b\u0107 ca\u0142ego toppera oko\u0142o 6 cm, szeroko\u015b\u0107 14 cm.<\/p>\n<p>Idealnie nadaje si\u0119 na tort czy gad\u017cet do upominku, kwiat\u00f3w<\/p>\n","protected":false},"featured_media":3969,"comment_status":"open","ping_status":"closed","template":"","meta":[],"etheme_brands":[],"product_cat":[64],"product_tag":[],"class_list":["post-7759","product","type-product","status-publish","has-post-thumbnail","hentry","product_cat-topper"],"_links":{"self":[{"href":"https:\/\/new.decoczar.pl\/index.php\/wp-json\/wp\/v2\/product\/7759","targetHints":{"allow":["GET"]}}],"collection":[{"href":"https:\/\/new.decoczar.pl\/index.php\/wp-json\/wp\/v2\/product"}],"about":[{"href":"https:\/\/new.decoczar.pl\/index.php\/wp-json\/wp\/v2\/types\/product"}],"replies":[{"embeddable":true,"href":"https:\/\/new.decoczar.pl\/index.php\/wp-json\/wp\/v2\/comments?post=7759"}],"wp:featuredmedia":[{"embeddable":true,"href":"https:\/\/new.decoczar.pl\/index.php\/wp-json\/wp\/v2\/media\/3969"}],"wp:attachment":[{"href":"https:\/\/new.decoczar.pl\/index.php\/wp-json\/wp\/v2\/media?parent=7759"}],"wp:term":[{"taxonomy":"brand","embeddable":true,"href":"https:\/\/new.decoczar.pl\/index.php\/wp-json\/wp\/v2\/etheme_brands?post=7759"},{"taxonomy":"product_cat","embeddable":true,"href":"https:\/\/new.decoczar.pl\/index.php\/wp-json\/wp\/v2\/product_cat?post=7759"},{"taxonomy":"product_tag","embeddable":true,"href":"https:\/\/new.decoczar.pl\/index.php\/wp-json\/wp\/v2\/product_tag?post=7759"}],"curies":[{"name":"wp","href":"https:\/\/api.w.org\/{rel}","templated":true}]}}