{"id":7814,"date":"2023-08-05T00:56:35","date_gmt":"2023-08-04T22:56:35","guid":{"rendered":"http:\/\/new.decoczar.pl\/index.php\/product\/tabliczki-drewniana-na-chrzest-6\/"},"modified":"2023-08-05T00:56:35","modified_gmt":"2023-08-04T22:56:35","slug":"tabliczki-drewniana-na-chrzest-6","status":"publish","type":"product","link":"https:\/\/new.decoczar.pl\/index.php\/product\/tabliczki-drewniana-na-chrzest-6\/","title":{"rendered":"Tabliczki Drewniana na Chrzest"},"content":{"rendered":"<p>Zestaw tabliczek wisz\u0105cych &#8221; Ciociu czy zostaniesz moj\u0105 chrzestn\u0105&#8221; z imieniem i klamerkami.<br \/>\nPi\u0119kne drewniane tabliczki z napisem ciociu czy zostaniesz moj\u0105 chrzestn\u0105<br \/>\n\u00a0oraz \u200bimieniem, po dodaniu zdj\u0119cia b\u0119d\u0105 stanowi\u0107 oryginalny prezent.<br \/>\nGrawer mo\u017cemy dowolnie modyfikowa\u0107 Kochanej Mamie, Kochanemu Wujkowi, Zawsze w sercu itp &#8230;<\/p>\n","protected":false},"excerpt":{"rendered":"<p>Zestaw tabliczek wisz\u0105cych &#8221; Ciociu czy zostaniesz moj\u0105 chrzestn\u0105&#8221; z imieniem i klamerkami.<br \/>\nPi\u0119kne drewniane tabliczki z napisem ciociu czy zostaniesz moj\u0105 chrzestn\u0105<br \/>\n\u00a0oraz \u200bimieniem, po dodaniu zdj\u0119cia b\u0119d\u0105 stanowi\u0107 oryginalny prezent.<br \/>\nGrawer mo\u017cemy dowolnie modyfikowa\u0107 Kochanej Mamie, Kochanemu Wujkowi, Zawsze w sercu itp &#8230;<\/p>\n","protected":false},"featured_media":4111,"comment_status":"open","ping_status":"closed","template":"","meta":[],"etheme_brands":[],"product_cat":[83],"product_tag":[],"class_list":["post-7814","product","type-product","status-publish","has-post-thumbnail","hentry","product_cat-chrzest-swiety"],"_links":{"self":[{"href":"https:\/\/new.decoczar.pl\/index.php\/wp-json\/wp\/v2\/product\/7814","targetHints":{"allow":["GET"]}}],"collection":[{"href":"https:\/\/new.decoczar.pl\/index.php\/wp-json\/wp\/v2\/product"}],"about":[{"href":"https:\/\/new.decoczar.pl\/index.php\/wp-json\/wp\/v2\/types\/product"}],"replies":[{"embeddable":true,"href":"https:\/\/new.decoczar.pl\/index.php\/wp-json\/wp\/v2\/comments?post=7814"}],"wp:featuredmedia":[{"embeddable":true,"href":"https:\/\/new.decoczar.pl\/index.php\/wp-json\/wp\/v2\/media\/4111"}],"wp:attachment":[{"href":"https:\/\/new.decoczar.pl\/index.php\/wp-json\/wp\/v2\/media?parent=7814"}],"wp:term":[{"taxonomy":"brand","embeddable":true,"href":"https:\/\/new.decoczar.pl\/index.php\/wp-json\/wp\/v2\/etheme_brands?post=7814"},{"taxonomy":"product_cat","embeddable":true,"href":"https:\/\/new.decoczar.pl\/index.php\/wp-json\/wp\/v2\/product_cat?post=7814"},{"taxonomy":"product_tag","embeddable":true,"href":"https:\/\/new.decoczar.pl\/index.php\/wp-json\/wp\/v2\/product_tag?post=7814"}],"curies":[{"name":"wp","href":"https:\/\/api.w.org\/{rel}","templated":true}]}}