{"id":7971,"date":"2023-08-16T14:25:27","date_gmt":"2023-08-16T12:25:27","guid":{"rendered":"http:\/\/new.decoczar.pl\/index.php\/product\/topper-kon-z-podkowa-czarny-7\/"},"modified":"2023-08-16T14:25:27","modified_gmt":"2023-08-16T12:25:27","slug":"topper-kon-z-podkowa-czarny-7","status":"publish","type":"product","link":"https:\/\/new.decoczar.pl\/index.php\/product\/topper-kon-z-podkowa-czarny-7\/","title":{"rendered":"Topper Ko\u0144 z podkow\u0105 czarny"},"content":{"rendered":"<p>Napisy ze sklejki<\/p>\n<p> \tWymiary 17&#215;15\u00a0 cm<br \/>\n \tTopper wykonujemy na indywidualne zam\u00f3wienie<br \/>\n \t\u00a0Materia\u0142 z jakiego wykonany jest topper w zale\u017cno\u015bci od wyboru to sklejka brzozowa grubo\u015bci 3mm<br \/>\n \tDrewniany szpikulec<br \/>\n \tKolor czarny<br \/>\n \tCzas realizacji do 5 dni po zaksi\u0119gowaniu wp\u0142aty<br \/>\n \tZale\u017cy Ci na czasie skontaktuj si\u0119 z nami<\/p>\n<p>WYSY\u0141KA TYLKO KURIER<\/p>\n","protected":false},"excerpt":{"rendered":"<p>Napisy ze sklejki<\/p>\n<p> \tWymiary 17&#215;15\u00a0 cm<br \/>\n \tTopper wykonujemy na indywidualne zam\u00f3wienie<br \/>\n \t\u00a0Materia\u0142 z jakiego wykonany jest topper w zale\u017cno\u015bci od wyboru to sklejka brzozowa grubo\u015bci 3mm<br \/>\n \tDrewniany szpikulec<br \/>\n \tKolor czarny<br \/>\n \tCzas realizacji do 5 dni po zaksi\u0119gowaniu wp\u0142aty<br \/>\n \tZale\u017cy Ci na czasie skontaktuj si\u0119 z nami<\/p>\n<p>WYSY\u0141KA TYLKO KURIER<\/p>\n","protected":false},"featured_media":2430,"comment_status":"open","ping_status":"closed","template":"","meta":[],"etheme_brands":[],"product_cat":[64],"product_tag":[],"class_list":["post-7971","product","type-product","status-publish","has-post-thumbnail","hentry","product_cat-topper"],"_links":{"self":[{"href":"https:\/\/new.decoczar.pl\/index.php\/wp-json\/wp\/v2\/product\/7971","targetHints":{"allow":["GET"]}}],"collection":[{"href":"https:\/\/new.decoczar.pl\/index.php\/wp-json\/wp\/v2\/product"}],"about":[{"href":"https:\/\/new.decoczar.pl\/index.php\/wp-json\/wp\/v2\/types\/product"}],"replies":[{"embeddable":true,"href":"https:\/\/new.decoczar.pl\/index.php\/wp-json\/wp\/v2\/comments?post=7971"}],"wp:featuredmedia":[{"embeddable":true,"href":"https:\/\/new.decoczar.pl\/index.php\/wp-json\/wp\/v2\/media\/2430"}],"wp:attachment":[{"href":"https:\/\/new.decoczar.pl\/index.php\/wp-json\/wp\/v2\/media?parent=7971"}],"wp:term":[{"taxonomy":"brand","embeddable":true,"href":"https:\/\/new.decoczar.pl\/index.php\/wp-json\/wp\/v2\/etheme_brands?post=7971"},{"taxonomy":"product_cat","embeddable":true,"href":"https:\/\/new.decoczar.pl\/index.php\/wp-json\/wp\/v2\/product_cat?post=7971"},{"taxonomy":"product_tag","embeddable":true,"href":"https:\/\/new.decoczar.pl\/index.php\/wp-json\/wp\/v2\/product_tag?post=7971"}],"curies":[{"name":"wp","href":"https:\/\/api.w.org\/{rel}","templated":true}]}}