{"id":7995,"date":"2023-08-16T14:25:31","date_gmt":"2023-08-16T12:25:31","guid":{"rendered":"http:\/\/new.decoczar.pl\/index.php\/product\/polka-rustykalna-loft-industrial-120-cm-7\/"},"modified":"2023-08-16T14:25:31","modified_gmt":"2023-08-16T12:25:31","slug":"polka-rustykalna-loft-industrial-120-cm-7","status":"publish","type":"product","link":"https:\/\/new.decoczar.pl\/index.php\/product\/polka-rustykalna-loft-industrial-120-cm-7\/","title":{"rendered":"P\u00f3\u0142ka rustykalna, loft, industrial 120 cm"},"content":{"rendered":"<p>P\u00f3\u0142ka industrialna<\/p>\n<p> \tWymiary : 120 cm d\u0142ugo\u015b\u0107<br \/>\n \tG\u0142\u0119boko\u015b\u0107 20 cm<br \/>\n \tGrubo\u015b\u0107 p\u00f3\u0142ki 1,8 cm<br \/>\n \tDo p\u00f3\u0142ki do\u0142\u0105czone s\u0105 ko\u0142ki do mocowania<br \/>\n \tMateria\u0142 : p\u0142yta meblowa<br \/>\n \tKolor : D\u0105b Craft z\u0142oty<br \/>\n \tRamki czarne wykonane z profilu 5&#215;2 cm<br \/>\n \tCzas realizacji do 14 dni roboczych po zaksi\u0119gowaniu wp\u0142aty<br \/>\n \tWYSY\u0141KA TYLKO KURIER METAL 23 Z\u0141<\/p>\n","protected":false},"excerpt":{"rendered":"<p>P\u00f3\u0142ka industrialna<\/p>\n<p> \tWymiary : 120 cm d\u0142ugo\u015b\u0107<br \/>\n \tG\u0142\u0119boko\u015b\u0107 20 cm<br \/>\n \tGrubo\u015b\u0107 p\u00f3\u0142ki 1,8 cm<br \/>\n \tDo p\u00f3\u0142ki do\u0142\u0105czone s\u0105 ko\u0142ki do mocowania<br \/>\n \tMateria\u0142 : p\u0142yta meblowa<br \/>\n \tKolor : D\u0105b Craft z\u0142oty<br \/>\n \tRamki czarne wykonane z profilu 5&#215;2 cm<br \/>\n \tCzas realizacji do 14 dni roboczych po zaksi\u0119gowaniu wp\u0142aty<br \/>\n \tWYSY\u0141KA TYLKO KURIER METAL 23 Z\u0141<\/p>\n","protected":false},"featured_media":2512,"comment_status":"open","ping_status":"closed","template":"","meta":[],"etheme_brands":[],"product_cat":[210],"product_tag":[],"class_list":["post-7995","product","type-product","status-publish","has-post-thumbnail","hentry","product_cat-podstawy-metalowe-stelaze-stojaki-polki-loft"],"_links":{"self":[{"href":"https:\/\/new.decoczar.pl\/index.php\/wp-json\/wp\/v2\/product\/7995","targetHints":{"allow":["GET"]}}],"collection":[{"href":"https:\/\/new.decoczar.pl\/index.php\/wp-json\/wp\/v2\/product"}],"about":[{"href":"https:\/\/new.decoczar.pl\/index.php\/wp-json\/wp\/v2\/types\/product"}],"replies":[{"embeddable":true,"href":"https:\/\/new.decoczar.pl\/index.php\/wp-json\/wp\/v2\/comments?post=7995"}],"wp:featuredmedia":[{"embeddable":true,"href":"https:\/\/new.decoczar.pl\/index.php\/wp-json\/wp\/v2\/media\/2512"}],"wp:attachment":[{"href":"https:\/\/new.decoczar.pl\/index.php\/wp-json\/wp\/v2\/media?parent=7995"}],"wp:term":[{"taxonomy":"brand","embeddable":true,"href":"https:\/\/new.decoczar.pl\/index.php\/wp-json\/wp\/v2\/etheme_brands?post=7995"},{"taxonomy":"product_cat","embeddable":true,"href":"https:\/\/new.decoczar.pl\/index.php\/wp-json\/wp\/v2\/product_cat?post=7995"},{"taxonomy":"product_tag","embeddable":true,"href":"https:\/\/new.decoczar.pl\/index.php\/wp-json\/wp\/v2\/product_tag?post=7995"}],"curies":[{"name":"wp","href":"https:\/\/api.w.org\/{rel}","templated":true}]}}