{"id":8037,"date":"2023-08-17T01:52:16","date_gmt":"2023-08-16T23:52:16","guid":{"rendered":"http:\/\/new.decoczar.pl\/index.php\/product\/ksiega-gosci-z-plastrow-drewna-grawer-7\/"},"modified":"2023-08-17T01:52:16","modified_gmt":"2023-08-16T23:52:16","slug":"ksiega-gosci-z-plastrow-drewna-grawer-7","status":"publish","type":"product","link":"https:\/\/new.decoczar.pl\/index.php\/product\/ksiega-gosci-z-plastrow-drewna-grawer-7\/","title":{"rendered":"Ksi\u0119ga Go\u015bci z plastr\u00f3w drewna + grawer"},"content":{"rendered":"<p> \tWymiary : 50&#215;40 cm<br \/>\n \tOchronna Plexi<br \/>\n \tRamka drewniana<br \/>\n \tBrzozowe plastry (szlifowane )<br \/>\n \tKolor : Bejca<br \/>\n \tDrewniana Szkatu\u0142ka<br \/>\n \tPlastry drewna o r\u00f3\u017cnych \u015brednicach zazwyczaj jedna para lub jedna rodzina = jeden napis, ok 70 szt<\/p>\n<p>\u00a0<\/p>\n<p>\u00a0<\/p>\n","protected":false},"excerpt":{"rendered":"<p> \tWymiary : 50&#215;40 cm<br \/>\n \tOchronna Plexi<br \/>\n \tRamka drewniana<br \/>\n \tBrzozowe plastry (szlifowane )<br \/>\n \tKolor : Bejca<br \/>\n \tDrewniana Szkatu\u0142ka<br \/>\n \tPlastry drewna o r\u00f3\u017cnych \u015brednicach zazwyczaj jedna para lub jedna rodzina = jeden napis, ok 70 szt<\/p>\n<p>\u00a0<\/p>\n<p>\u00a0<\/p>\n","protected":false},"featured_media":2705,"comment_status":"open","ping_status":"closed","template":"","meta":[],"etheme_brands":[],"product_cat":[78],"product_tag":[],"class_list":["post-8037","product","type-product","status-publish","has-post-thumbnail","hentry","product_cat-slub-dekoracje"],"_links":{"self":[{"href":"https:\/\/new.decoczar.pl\/index.php\/wp-json\/wp\/v2\/product\/8037","targetHints":{"allow":["GET"]}}],"collection":[{"href":"https:\/\/new.decoczar.pl\/index.php\/wp-json\/wp\/v2\/product"}],"about":[{"href":"https:\/\/new.decoczar.pl\/index.php\/wp-json\/wp\/v2\/types\/product"}],"replies":[{"embeddable":true,"href":"https:\/\/new.decoczar.pl\/index.php\/wp-json\/wp\/v2\/comments?post=8037"}],"wp:featuredmedia":[{"embeddable":true,"href":"https:\/\/new.decoczar.pl\/index.php\/wp-json\/wp\/v2\/media\/2705"}],"wp:attachment":[{"href":"https:\/\/new.decoczar.pl\/index.php\/wp-json\/wp\/v2\/media?parent=8037"}],"wp:term":[{"taxonomy":"brand","embeddable":true,"href":"https:\/\/new.decoczar.pl\/index.php\/wp-json\/wp\/v2\/etheme_brands?post=8037"},{"taxonomy":"product_cat","embeddable":true,"href":"https:\/\/new.decoczar.pl\/index.php\/wp-json\/wp\/v2\/product_cat?post=8037"},{"taxonomy":"product_tag","embeddable":true,"href":"https:\/\/new.decoczar.pl\/index.php\/wp-json\/wp\/v2\/product_tag?post=8037"}],"curies":[{"name":"wp","href":"https:\/\/api.w.org\/{rel}","templated":true}]}}