{"id":8094,"date":"2023-08-17T16:35:37","date_gmt":"2023-08-17T14:35:37","guid":{"rendered":"https:\/\/new.decoczar.pl\/index.php\/product\/kieliszki-do-wodki-para-mloda-inicjaly-7\/"},"modified":"2023-08-17T16:35:37","modified_gmt":"2023-08-17T14:35:37","slug":"kieliszki-do-wodki-para-mloda-inicjaly-7","status":"publish","type":"product","link":"https:\/\/new.decoczar.pl\/index.php\/product\/kieliszki-do-wodki-para-mloda-inicjaly-7\/","title":{"rendered":"Kieliszki do w\u00f3dki Para M\u0142oda Inicja\u0142y"},"content":{"rendered":"<p>Kieliszki do w\u00f3dki<\/p>\n<p> \tDekoracyjne pere\u0142ki<br \/>\n \tMateria\u0142 : Szk\u0142o<br \/>\n \t2 sztuki<br \/>\n \tWysoko\u015b\u0107 14 cm<br \/>\n \tCzas realizacji do 5 dni roboczych po zaksi\u0119gowaniu wp\u0142aty<br \/>\n \tWYSY\u0141KA TYLKO KURIER !!!<\/p>\n","protected":false},"excerpt":{"rendered":"<p>Kieliszki do w\u00f3dki<\/p>\n<p> \tDekoracyjne pere\u0142ki<br \/>\n \tMateria\u0142 : Szk\u0142o<br \/>\n \t2 sztuki<br \/>\n \tWysoko\u015b\u0107 14 cm<br \/>\n \tCzas realizacji do 5 dni roboczych po zaksi\u0119gowaniu wp\u0142aty<br \/>\n \tWYSY\u0141KA TYLKO KURIER !!!<\/p>\n","protected":false},"featured_media":2892,"comment_status":"open","ping_status":"closed","template":"","meta":[],"etheme_brands":[],"product_cat":[78],"product_tag":[],"class_list":["post-8094","product","type-product","status-publish","has-post-thumbnail","hentry","product_cat-slub-dekoracje"],"_links":{"self":[{"href":"https:\/\/new.decoczar.pl\/index.php\/wp-json\/wp\/v2\/product\/8094","targetHints":{"allow":["GET"]}}],"collection":[{"href":"https:\/\/new.decoczar.pl\/index.php\/wp-json\/wp\/v2\/product"}],"about":[{"href":"https:\/\/new.decoczar.pl\/index.php\/wp-json\/wp\/v2\/types\/product"}],"replies":[{"embeddable":true,"href":"https:\/\/new.decoczar.pl\/index.php\/wp-json\/wp\/v2\/comments?post=8094"}],"wp:featuredmedia":[{"embeddable":true,"href":"https:\/\/new.decoczar.pl\/index.php\/wp-json\/wp\/v2\/media\/2892"}],"wp:attachment":[{"href":"https:\/\/new.decoczar.pl\/index.php\/wp-json\/wp\/v2\/media?parent=8094"}],"wp:term":[{"taxonomy":"brand","embeddable":true,"href":"https:\/\/new.decoczar.pl\/index.php\/wp-json\/wp\/v2\/etheme_brands?post=8094"},{"taxonomy":"product_cat","embeddable":true,"href":"https:\/\/new.decoczar.pl\/index.php\/wp-json\/wp\/v2\/product_cat?post=8094"},{"taxonomy":"product_tag","embeddable":true,"href":"https:\/\/new.decoczar.pl\/index.php\/wp-json\/wp\/v2\/product_tag?post=8094"}],"curies":[{"name":"wp","href":"https:\/\/api.w.org\/{rel}","templated":true}]}}