{"id":8143,"date":"2023-08-18T13:53:59","date_gmt":"2023-08-18T11:53:59","guid":{"rendered":"http:\/\/new.decoczar.pl\/index.php\/product\/kieliszki-do-szampana-para-mloda-perelki-7\/"},"modified":"2023-08-18T13:53:59","modified_gmt":"2023-08-18T11:53:59","slug":"kieliszki-do-szampana-para-mloda-perelki-7","status":"publish","type":"product","link":"https:\/\/new.decoczar.pl\/index.php\/product\/kieliszki-do-szampana-para-mloda-perelki-7\/","title":{"rendered":"Kieliszki do szampana Para M\u0142oda Pere\u0142ki"},"content":{"rendered":"<p>Kieliszki do szampana<\/p>\n<p> \tDekoracyjne pere\u0142ki<br \/>\n \tWst\u0105\u017cka dekoracyjna<br \/>\n \tSzk\u0142o<br \/>\n \t2 sztuki<br \/>\n \tCzas realizacji do 7 dni roboczych po zaksi\u0119gowaniu wp\u0142aty<br \/>\n \tWysy\u0142ka tylko kurier \/ kurier pobranie<br \/>\n \tKieliszki zdobione s\u0105 r\u0119cznie dlatego mog\u0105 si\u0119 r\u00f3\u017cni\u0107 od zdj\u0119cia pokazowego<\/p>\n","protected":false},"excerpt":{"rendered":"<p>Kieliszki do szampana<\/p>\n<p> \tDekoracyjne pere\u0142ki<br \/>\n \tWst\u0105\u017cka dekoracyjna<br \/>\n \tSzk\u0142o<br \/>\n \t2 sztuki<br \/>\n \tCzas realizacji do 7 dni roboczych po zaksi\u0119gowaniu wp\u0142aty<br \/>\n \tWysy\u0142ka tylko kurier \/ kurier pobranie<br \/>\n \tKieliszki zdobione s\u0105 r\u0119cznie dlatego mog\u0105 si\u0119 r\u00f3\u017cni\u0107 od zdj\u0119cia pokazowego<\/p>\n","protected":false},"featured_media":3088,"comment_status":"open","ping_status":"closed","template":"","meta":[],"etheme_brands":[],"product_cat":[78],"product_tag":[],"class_list":["post-8143","product","type-product","status-publish","has-post-thumbnail","hentry","product_cat-slub-dekoracje"],"_links":{"self":[{"href":"https:\/\/new.decoczar.pl\/index.php\/wp-json\/wp\/v2\/product\/8143","targetHints":{"allow":["GET"]}}],"collection":[{"href":"https:\/\/new.decoczar.pl\/index.php\/wp-json\/wp\/v2\/product"}],"about":[{"href":"https:\/\/new.decoczar.pl\/index.php\/wp-json\/wp\/v2\/types\/product"}],"replies":[{"embeddable":true,"href":"https:\/\/new.decoczar.pl\/index.php\/wp-json\/wp\/v2\/comments?post=8143"}],"wp:featuredmedia":[{"embeddable":true,"href":"https:\/\/new.decoczar.pl\/index.php\/wp-json\/wp\/v2\/media\/3088"}],"wp:attachment":[{"href":"https:\/\/new.decoczar.pl\/index.php\/wp-json\/wp\/v2\/media?parent=8143"}],"wp:term":[{"taxonomy":"brand","embeddable":true,"href":"https:\/\/new.decoczar.pl\/index.php\/wp-json\/wp\/v2\/etheme_brands?post=8143"},{"taxonomy":"product_cat","embeddable":true,"href":"https:\/\/new.decoczar.pl\/index.php\/wp-json\/wp\/v2\/product_cat?post=8143"},{"taxonomy":"product_tag","embeddable":true,"href":"https:\/\/new.decoczar.pl\/index.php\/wp-json\/wp\/v2\/product_tag?post=8143"}],"curies":[{"name":"wp","href":"https:\/\/api.w.org\/{rel}","templated":true}]}}