{"id":8153,"date":"2023-08-19T12:03:00","date_gmt":"2023-08-19T10:03:00","guid":{"rendered":"http:\/\/new.decoczar.pl\/index.php\/product\/ramka-z-prosba-o-bycie-rodzicem-chrzestnym-7\/"},"modified":"2023-08-19T12:03:00","modified_gmt":"2023-08-19T10:03:00","slug":"ramka-z-prosba-o-bycie-rodzicem-chrzestnym-7","status":"publish","type":"product","link":"https:\/\/new.decoczar.pl\/index.php\/product\/ramka-z-prosba-o-bycie-rodzicem-chrzestnym-7\/","title":{"rendered":"RAMKA Z PRO\u015aB\u0104 O BYCIE RODZICEM CHRZESTNYM"},"content":{"rendered":"<p>Ramka ozdobna<\/p>\n<p> \tFormat A3 20\u00d730 cm\u00a0<br \/>\n \tWysokiej jako\u015bci wydruk na papierze kredowym<br \/>\n \tBia\u0142a ramka z ochronn\u0105 plexi<br \/>\n \tBia\u0142a kokardka<br \/>\n \tW uwagach do zam\u00f3wienia prosz\u0119 wpisa\u0107 imi\u0119 chrzestnego\/chrzestnej i dziecka<\/p>\n<p>WYSY\u0141KA TYLKO KURIER !!!<\/p>\n","protected":false},"excerpt":{"rendered":"<p>Ramka ozdobna<\/p>\n<p> \tFormat A3 20\u00d730 cm\u00a0<br \/>\n \tWysokiej jako\u015bci wydruk na papierze kredowym<br \/>\n \tBia\u0142a ramka z ochronn\u0105 plexi<br \/>\n \tBia\u0142a kokardka<br \/>\n \tW uwagach do zam\u00f3wienia prosz\u0119 wpisa\u0107 imi\u0119 chrzestnego\/chrzestnej i dziecka<\/p>\n<p>WYSY\u0141KA TYLKO KURIER !!!<\/p>\n","protected":false},"featured_media":3122,"comment_status":"open","ping_status":"closed","template":"","meta":[],"etheme_brands":[],"product_cat":[83],"product_tag":[],"class_list":["post-8153","product","type-product","status-publish","has-post-thumbnail","hentry","product_cat-chrzest-swiety"],"_links":{"self":[{"href":"https:\/\/new.decoczar.pl\/index.php\/wp-json\/wp\/v2\/product\/8153","targetHints":{"allow":["GET"]}}],"collection":[{"href":"https:\/\/new.decoczar.pl\/index.php\/wp-json\/wp\/v2\/product"}],"about":[{"href":"https:\/\/new.decoczar.pl\/index.php\/wp-json\/wp\/v2\/types\/product"}],"replies":[{"embeddable":true,"href":"https:\/\/new.decoczar.pl\/index.php\/wp-json\/wp\/v2\/comments?post=8153"}],"wp:featuredmedia":[{"embeddable":true,"href":"https:\/\/new.decoczar.pl\/index.php\/wp-json\/wp\/v2\/media\/3122"}],"wp:attachment":[{"href":"https:\/\/new.decoczar.pl\/index.php\/wp-json\/wp\/v2\/media?parent=8153"}],"wp:term":[{"taxonomy":"brand","embeddable":true,"href":"https:\/\/new.decoczar.pl\/index.php\/wp-json\/wp\/v2\/etheme_brands?post=8153"},{"taxonomy":"product_cat","embeddable":true,"href":"https:\/\/new.decoczar.pl\/index.php\/wp-json\/wp\/v2\/product_cat?post=8153"},{"taxonomy":"product_tag","embeddable":true,"href":"https:\/\/new.decoczar.pl\/index.php\/wp-json\/wp\/v2\/product_tag?post=8153"}],"curies":[{"name":"wp","href":"https:\/\/api.w.org\/{rel}","templated":true}]}}