{"id":8213,"date":"2023-08-20T18:55:11","date_gmt":"2023-08-20T16:55:11","guid":{"rendered":"https:\/\/new.decoczar.pl\/index.php\/product\/topper-ihs-komunijny-7\/"},"modified":"2023-08-20T18:55:11","modified_gmt":"2023-08-20T16:55:11","slug":"topper-ihs-komunijny-7","status":"publish","type":"product","link":"https:\/\/new.decoczar.pl\/index.php\/product\/topper-ihs-komunijny-7\/","title":{"rendered":"Topper IHS Komunijny"},"content":{"rendered":"<p>Topper ze sklejki<\/p>\n<p> \tWymiary szeroko\u015b\u0107 10 cm<br \/>\n \tWysoko\u015b\u0107 15 cm<br \/>\n \tWykonany ze sklejki brzozowej 3 cm<br \/>\n \tGrafika<br \/>\n \tKolor z\u0142oty<br \/>\n \tCzas realizacji do 5 dni roboczych po zaksi\u0119gowaniu wp\u0142aty<br \/>\n \tZamawiaj\u0105c wi\u0119cej produkt\u00f3w czas realizacji jest d\u0142u\u017cszy do 14 dni roboczych<\/p>\n","protected":false},"excerpt":{"rendered":"<p>Topper ze sklejki<\/p>\n<p> \tWymiary szeroko\u015b\u0107 10 cm<br \/>\n \tWysoko\u015b\u0107 15 cm<br \/>\n \tWykonany ze sklejki brzozowej 3 cm<br \/>\n \tGrafika<br \/>\n \tKolor z\u0142oty<br \/>\n \tCzas realizacji do 5 dni roboczych po zaksi\u0119gowaniu wp\u0142aty<br \/>\n \tZamawiaj\u0105c wi\u0119cej produkt\u00f3w czas realizacji jest d\u0142u\u017cszy do 14 dni roboczych<\/p>\n","protected":false},"featured_media":3374,"comment_status":"open","ping_status":"closed","template":"","meta":[],"etheme_brands":[],"product_cat":[62],"product_tag":[],"class_list":["post-8213","product","type-product","status-publish","has-post-thumbnail","hentry","product_cat-komunia-swieta-topper"],"_links":{"self":[{"href":"https:\/\/new.decoczar.pl\/index.php\/wp-json\/wp\/v2\/product\/8213","targetHints":{"allow":["GET"]}}],"collection":[{"href":"https:\/\/new.decoczar.pl\/index.php\/wp-json\/wp\/v2\/product"}],"about":[{"href":"https:\/\/new.decoczar.pl\/index.php\/wp-json\/wp\/v2\/types\/product"}],"replies":[{"embeddable":true,"href":"https:\/\/new.decoczar.pl\/index.php\/wp-json\/wp\/v2\/comments?post=8213"}],"wp:featuredmedia":[{"embeddable":true,"href":"https:\/\/new.decoczar.pl\/index.php\/wp-json\/wp\/v2\/media\/3374"}],"wp:attachment":[{"href":"https:\/\/new.decoczar.pl\/index.php\/wp-json\/wp\/v2\/media?parent=8213"}],"wp:term":[{"taxonomy":"brand","embeddable":true,"href":"https:\/\/new.decoczar.pl\/index.php\/wp-json\/wp\/v2\/etheme_brands?post=8213"},{"taxonomy":"product_cat","embeddable":true,"href":"https:\/\/new.decoczar.pl\/index.php\/wp-json\/wp\/v2\/product_cat?post=8213"},{"taxonomy":"product_tag","embeddable":true,"href":"https:\/\/new.decoczar.pl\/index.php\/wp-json\/wp\/v2\/product_tag?post=8213"}],"curies":[{"name":"wp","href":"https:\/\/api.w.org\/{rel}","templated":true}]}}