{"id":8242,"date":"2023-08-20T18:55:34","date_gmt":"2023-08-20T16:55:34","guid":{"rendered":"https:\/\/new.decoczar.pl\/index.php\/product\/bombka-drewniana-imie-6\/"},"modified":"2023-08-20T18:55:34","modified_gmt":"2023-08-20T16:55:34","slug":"bombka-drewniana-imie-6","status":"publish","type":"product","link":"https:\/\/new.decoczar.pl\/index.php\/product\/bombka-drewniana-imie-6\/","title":{"rendered":"Bombka Drewniana &#8221; imi\u0119 &#8222;"},"content":{"rendered":"<p>Bombka Drewniana<\/p>\n<p> \tWymiary &#8211; \u015brednica 10 cm<br \/>\n \tWykonana ze sklejki brzozowej 3 mm<br \/>\n \tSznurek jutowy<br \/>\n \tGrafika gwiazdki, choinka<br \/>\n \tW uwagach dla klienta prosz\u0119 wpisa\u0107 imi\u0119<br \/>\n \tStojak\/pude\u0142eczko sprzedawane oddzielnie,<br \/>\n \tCzas realizacji 2-5 dni po zaksi\u0119gowaniu wp\u0142aty<\/p>\n<p>Powy\u017cej 4 sztuk wysy\u0142ka kurier<\/p>\n","protected":false},"excerpt":{"rendered":"<p>Bombka Drewniana<\/p>\n<p> \tWymiary &#8211; \u015brednica 10 cm<br \/>\n \tWykonana ze sklejki brzozowej 3 mm<br \/>\n \tSznurek jutowy<br \/>\n \tGrafika gwiazdki, choinka<br \/>\n \tW uwagach dla klienta prosz\u0119 wpisa\u0107 imi\u0119<br \/>\n \tStojak\/pude\u0142eczko sprzedawane oddzielnie,<br \/>\n \tCzas realizacji 2-5 dni po zaksi\u0119gowaniu wp\u0142aty<\/p>\n<p>Powy\u017cej 4 sztuk wysy\u0142ka kurier<\/p>\n","protected":false},"featured_media":5200,"comment_status":"open","ping_status":"closed","template":"","meta":[],"etheme_brands":[],"product_cat":[74],"product_tag":[],"class_list":["post-8242","product","type-product","status-publish","has-post-thumbnail","hentry","product_cat-boze-narodzenie"],"_links":{"self":[{"href":"https:\/\/new.decoczar.pl\/index.php\/wp-json\/wp\/v2\/product\/8242","targetHints":{"allow":["GET"]}}],"collection":[{"href":"https:\/\/new.decoczar.pl\/index.php\/wp-json\/wp\/v2\/product"}],"about":[{"href":"https:\/\/new.decoczar.pl\/index.php\/wp-json\/wp\/v2\/types\/product"}],"replies":[{"embeddable":true,"href":"https:\/\/new.decoczar.pl\/index.php\/wp-json\/wp\/v2\/comments?post=8242"}],"wp:featuredmedia":[{"embeddable":true,"href":"https:\/\/new.decoczar.pl\/index.php\/wp-json\/wp\/v2\/media\/5200"}],"wp:attachment":[{"href":"https:\/\/new.decoczar.pl\/index.php\/wp-json\/wp\/v2\/media?parent=8242"}],"wp:term":[{"taxonomy":"brand","embeddable":true,"href":"https:\/\/new.decoczar.pl\/index.php\/wp-json\/wp\/v2\/etheme_brands?post=8242"},{"taxonomy":"product_cat","embeddable":true,"href":"https:\/\/new.decoczar.pl\/index.php\/wp-json\/wp\/v2\/product_cat?post=8242"},{"taxonomy":"product_tag","embeddable":true,"href":"https:\/\/new.decoczar.pl\/index.php\/wp-json\/wp\/v2\/product_tag?post=8242"}],"curies":[{"name":"wp","href":"https:\/\/api.w.org\/{rel}","templated":true}]}}