{"id":8306,"date":"2023-08-25T01:51:48","date_gmt":"2023-08-24T23:51:48","guid":{"rendered":"https:\/\/new.decoczar.pl\/index.php\/product\/ramka-historia-milosci-kwiaty-7\/"},"modified":"2023-08-25T01:51:48","modified_gmt":"2023-08-24T23:51:48","slug":"ramka-historia-milosci-kwiaty-7","status":"publish","type":"product","link":"https:\/\/new.decoczar.pl\/index.php\/product\/ramka-historia-milosci-kwiaty-7\/","title":{"rendered":"Ramka Historia Mi\u0142o\u015bci Kwiaty"},"content":{"rendered":"<p>Ramka dekoracyjna przedstawiaj\u0105ca historie mi\u0142o\u015bci w trzech etapach.\u00a0<\/p>\n<p> \tFormat A4 20\u00d730 cm\u00a0<br \/>\n \tWysokiej jako\u015bci wydruk na papierze kredowym<br \/>\n \tBia\u0142a ramka z ochronn\u0105 plexi<br \/>\n \tKokardka dowolny kolor\u00a0<br \/>\n \tIstniej mo\u017cliwo\u015b\u0107 zam\u00f3wienia ramki w formacie A3 30\u00d740 cm\u00a0<br \/>\n \tRealizujemy indywidualne projekty<br \/>\n \tCzas realizacji do 5 dni po zaksi\u0119gowaniu wp\u0142aty<\/p>\n<p>WYSY\u0141KA TYLKO KURIER !!!<\/p>\n","protected":false},"excerpt":{"rendered":"<p>Ramka dekoracyjna przedstawiaj\u0105ca historie mi\u0142o\u015bci w trzech etapach.\u00a0<\/p>\n<p> \tFormat A4 20\u00d730 cm\u00a0<br \/>\n \tWysokiej jako\u015bci wydruk na papierze kredowym<br \/>\n \tBia\u0142a ramka z ochronn\u0105 plexi<br \/>\n \tKokardka dowolny kolor\u00a0<br \/>\n \tIstniej mo\u017cliwo\u015b\u0107 zam\u00f3wienia ramki w formacie A3 30\u00d740 cm\u00a0<br \/>\n \tRealizujemy indywidualne projekty<br \/>\n \tCzas realizacji do 5 dni po zaksi\u0119gowaniu wp\u0142aty<\/p>\n<p>WYSY\u0141KA TYLKO KURIER !!!<\/p>\n","protected":false},"featured_media":3798,"comment_status":"open","ping_status":"closed","template":"","meta":[],"etheme_brands":[],"product_cat":[78],"product_tag":[],"class_list":["post-8306","product","type-product","status-publish","has-post-thumbnail","hentry","product_cat-slub-dekoracje"],"_links":{"self":[{"href":"https:\/\/new.decoczar.pl\/index.php\/wp-json\/wp\/v2\/product\/8306","targetHints":{"allow":["GET"]}}],"collection":[{"href":"https:\/\/new.decoczar.pl\/index.php\/wp-json\/wp\/v2\/product"}],"about":[{"href":"https:\/\/new.decoczar.pl\/index.php\/wp-json\/wp\/v2\/types\/product"}],"replies":[{"embeddable":true,"href":"https:\/\/new.decoczar.pl\/index.php\/wp-json\/wp\/v2\/comments?post=8306"}],"wp:featuredmedia":[{"embeddable":true,"href":"https:\/\/new.decoczar.pl\/index.php\/wp-json\/wp\/v2\/media\/3798"}],"wp:attachment":[{"href":"https:\/\/new.decoczar.pl\/index.php\/wp-json\/wp\/v2\/media?parent=8306"}],"wp:term":[{"taxonomy":"brand","embeddable":true,"href":"https:\/\/new.decoczar.pl\/index.php\/wp-json\/wp\/v2\/etheme_brands?post=8306"},{"taxonomy":"product_cat","embeddable":true,"href":"https:\/\/new.decoczar.pl\/index.php\/wp-json\/wp\/v2\/product_cat?post=8306"},{"taxonomy":"product_tag","embeddable":true,"href":"https:\/\/new.decoczar.pl\/index.php\/wp-json\/wp\/v2\/product_tag?post=8306"}],"curies":[{"name":"wp","href":"https:\/\/api.w.org\/{rel}","templated":true}]}}