{"id":8314,"date":"2023-08-25T01:51:49","date_gmt":"2023-08-24T23:51:49","guid":{"rendered":"https:\/\/new.decoczar.pl\/index.php\/product\/ramka-z-serduszkami-slub-ksiega-gosci-15\/"},"modified":"2023-08-25T01:51:49","modified_gmt":"2023-08-24T23:51:49","slug":"ramka-z-serduszkami-slub-ksiega-gosci-15","status":"publish","type":"product","link":"https:\/\/new.decoczar.pl\/index.php\/product\/ramka-z-serduszkami-slub-ksiega-gosci-15\/","title":{"rendered":"Ramka z serduszkami \u015alub Ksi\u0119ga Go\u015bci"},"content":{"rendered":"<p>Ramka z serduszkami<\/p>\n<p> \tWymiary 20X30 cm<br \/>\n \tWymiary serduszek 3&#215;3 cm 40 szt\u00a0<br \/>\n \tCzerwona kokardka<br \/>\n \tElegancka,drewniana ramka dost\u0119pna w dw\u00f3ch kolorach :\u00a0<br \/>\nbia\u0142ym lub drewno<br \/>\n \tDrewniane serca przeznaczone s\u0105 do samodzielnego wypisania\u00a0<br \/>\n \tDo serduszek jest przymocowana dodatkowa ta\u015bma dwustronna aby go\u015bcie weselni mogli przyklei\u0107 serce.\u00a0<br \/>\n \tMa\u0142e czerwone serca 4-6 sztuk\u00a0<br \/>\n \tW uwagach dla klienta prosz\u0119 wpisa\u0107 imiona oraz dat\u0119<\/p>\n<p>WYSY\u0141KA TYLKO KURIER !!!<\/p>\n","protected":false},"excerpt":{"rendered":"<p>Ramka z serduszkami<\/p>\n<p> \tWymiary 20X30 cm<br \/>\n \tWymiary serduszek 3&#215;3 cm 40 szt\u00a0<br \/>\n \tCzerwona kokardka<br \/>\n \tElegancka,drewniana ramka dost\u0119pna w dw\u00f3ch kolorach :\u00a0<br \/>\nbia\u0142ym lub drewno<br \/>\n \tDrewniane serca przeznaczone s\u0105 do samodzielnego wypisania\u00a0<br \/>\n \tDo serduszek jest przymocowana dodatkowa ta\u015bma dwustronna aby go\u015bcie weselni mogli przyklei\u0107 serce.\u00a0<br \/>\n \tMa\u0142e czerwone serca 4-6 sztuk\u00a0<br \/>\n \tW uwagach dla klienta prosz\u0119 wpisa\u0107 imiona oraz dat\u0119<\/p>\n<p>WYSY\u0141KA TYLKO KURIER !!!<\/p>\n","protected":false},"featured_media":3841,"comment_status":"open","ping_status":"closed","template":"","meta":[],"etheme_brands":[],"product_cat":[78],"product_tag":[],"class_list":["post-8314","product","type-product","status-publish","has-post-thumbnail","hentry","product_cat-slub-dekoracje"],"_links":{"self":[{"href":"https:\/\/new.decoczar.pl\/index.php\/wp-json\/wp\/v2\/product\/8314","targetHints":{"allow":["GET"]}}],"collection":[{"href":"https:\/\/new.decoczar.pl\/index.php\/wp-json\/wp\/v2\/product"}],"about":[{"href":"https:\/\/new.decoczar.pl\/index.php\/wp-json\/wp\/v2\/types\/product"}],"replies":[{"embeddable":true,"href":"https:\/\/new.decoczar.pl\/index.php\/wp-json\/wp\/v2\/comments?post=8314"}],"wp:featuredmedia":[{"embeddable":true,"href":"https:\/\/new.decoczar.pl\/index.php\/wp-json\/wp\/v2\/media\/3841"}],"wp:attachment":[{"href":"https:\/\/new.decoczar.pl\/index.php\/wp-json\/wp\/v2\/media?parent=8314"}],"wp:term":[{"taxonomy":"brand","embeddable":true,"href":"https:\/\/new.decoczar.pl\/index.php\/wp-json\/wp\/v2\/etheme_brands?post=8314"},{"taxonomy":"product_cat","embeddable":true,"href":"https:\/\/new.decoczar.pl\/index.php\/wp-json\/wp\/v2\/product_cat?post=8314"},{"taxonomy":"product_tag","embeddable":true,"href":"https:\/\/new.decoczar.pl\/index.php\/wp-json\/wp\/v2\/product_tag?post=8314"}],"curies":[{"name":"wp","href":"https:\/\/api.w.org\/{rel}","templated":true}]}}