{"id":8661,"date":"2023-09-07T04:13:45","date_gmt":"2023-09-07T02:13:45","guid":{"rendered":"http:\/\/new.decoczar.pl\/index.php\/product\/stolik-stol-kawowy-industrialny-loft-opalony-15\/"},"modified":"2023-09-07T04:13:45","modified_gmt":"2023-09-07T02:13:45","slug":"stolik-stol-kawowy-industrialny-loft-opalony-15","status":"publish","type":"product","link":"https:\/\/new.decoczar.pl\/index.php\/product\/stolik-stol-kawowy-industrialny-loft-opalony-15\/","title":{"rendered":"STOLIK\/ST\u00d3\u0141 KAWOWY INDUSTRIALNY\/ LOFT OPALONY"},"content":{"rendered":"<p>Stolik<\/p>\n<p> \tWymiary 100 x 60 cm<br \/>\n \tWysoko\u015b\u0107 48<br \/>\n \tDeski u\u017cyte do wykonania sto\u0142u zosta\u0142y opalone i zabezpieczone lakierem bezbarwnym.<br \/>\n \tRodzaj drewna: sosnowe<br \/>\n \tNogi malowane proszkowo<br \/>\n \tCzas realizacji 21 dni (+\/- 5 dni )roboczych po wp\u0142acie na konto<br \/>\n \tWysy\u0142ka 60 z\u0142 prosz\u0119 doliczy\u0107 do kwoty przelewu<\/p>\n","protected":false},"excerpt":{"rendered":"<p>Stolik<\/p>\n<p> \tWymiary 100 x 60 cm<br \/>\n \tWysoko\u015b\u0107 48<br \/>\n \tDeski u\u017cyte do wykonania sto\u0142u zosta\u0142y opalone i zabezpieczone lakierem bezbarwnym.<br \/>\n \tRodzaj drewna: sosnowe<br \/>\n \tNogi malowane proszkowo<br \/>\n \tCzas realizacji 21 dni (+\/- 5 dni )roboczych po wp\u0142acie na konto<br \/>\n \tWysy\u0142ka 60 z\u0142 prosz\u0119 doliczy\u0107 do kwoty przelewu<\/p>\n","protected":false},"featured_media":2865,"comment_status":"open","ping_status":"closed","template":"","meta":[],"etheme_brands":[],"product_cat":[56],"product_tag":[],"class_list":["post-8661","product","type-product","status-publish","has-post-thumbnail","hentry","product_cat-stoliki-drewniane"],"_links":{"self":[{"href":"https:\/\/new.decoczar.pl\/index.php\/wp-json\/wp\/v2\/product\/8661","targetHints":{"allow":["GET"]}}],"collection":[{"href":"https:\/\/new.decoczar.pl\/index.php\/wp-json\/wp\/v2\/product"}],"about":[{"href":"https:\/\/new.decoczar.pl\/index.php\/wp-json\/wp\/v2\/types\/product"}],"replies":[{"embeddable":true,"href":"https:\/\/new.decoczar.pl\/index.php\/wp-json\/wp\/v2\/comments?post=8661"}],"wp:featuredmedia":[{"embeddable":true,"href":"https:\/\/new.decoczar.pl\/index.php\/wp-json\/wp\/v2\/media\/2865"}],"wp:attachment":[{"href":"https:\/\/new.decoczar.pl\/index.php\/wp-json\/wp\/v2\/media?parent=8661"}],"wp:term":[{"taxonomy":"brand","embeddable":true,"href":"https:\/\/new.decoczar.pl\/index.php\/wp-json\/wp\/v2\/etheme_brands?post=8661"},{"taxonomy":"product_cat","embeddable":true,"href":"https:\/\/new.decoczar.pl\/index.php\/wp-json\/wp\/v2\/product_cat?post=8661"},{"taxonomy":"product_tag","embeddable":true,"href":"https:\/\/new.decoczar.pl\/index.php\/wp-json\/wp\/v2\/product_tag?post=8661"}],"curies":[{"name":"wp","href":"https:\/\/api.w.org\/{rel}","templated":true}]}}