{"id":8727,"date":"2023-09-07T23:43:34","date_gmt":"2023-09-07T21:43:34","guid":{"rendered":"https:\/\/new.decoczar.pl\/index.php\/product\/topper-ale-szok-ma-juz-rok-8\/"},"modified":"2023-09-07T23:43:34","modified_gmt":"2023-09-07T21:43:34","slug":"topper-ale-szok-ma-juz-rok-8","status":"publish","type":"product","link":"https:\/\/new.decoczar.pl\/index.php\/product\/topper-ale-szok-ma-juz-rok-8\/","title":{"rendered":"Topper &#8221; Ale szok &#8230;.ma ju\u017c rok"},"content":{"rendered":"<p>Topper<\/p>\n<p> \tSzeroko\u015b\u0107 ok 17 cm<br \/>\n \tWysoko\u015b\u0107 15 CM<br \/>\n \tDrewniany szpikulec<br \/>\n \tMateria\u0142 : drewno<br \/>\n \tKolor r\u00f3\u017c\/granatowy\/niebieski,myszka<br \/>\n \tCzas realizacji 5 dni roboczych po zaksi\u0119gowaniu wp\u0142aty !!!<br \/>\n \tW uwagach do zam\u00f3wienia prosz\u0119 wpisa\u0107 imi\u0119 i kolor<br \/>\n \tZamawiaj\u0105c kilka produkt\u00f3w czas realizacji jest d\u0142u\u017cszy<\/p>\n<p>WYSY\u0141KA TYLKO\u00a0 KURIER !!!<\/p>\n","protected":false},"excerpt":{"rendered":"<p>Topper<\/p>\n<p> \tSzeroko\u015b\u0107 ok 17 cm<br \/>\n \tWysoko\u015b\u0107 15 CM<br \/>\n \tDrewniany szpikulec<br \/>\n \tMateria\u0142 : drewno<br \/>\n \tKolor r\u00f3\u017c\/granatowy\/niebieski,myszka<br \/>\n \tCzas realizacji 5 dni roboczych po zaksi\u0119gowaniu wp\u0142aty !!!<br \/>\n \tW uwagach do zam\u00f3wienia prosz\u0119 wpisa\u0107 imi\u0119 i kolor<br \/>\n \tZamawiaj\u0105c kilka produkt\u00f3w czas realizacji jest d\u0142u\u017cszy<\/p>\n<p>WYSY\u0141KA TYLKO\u00a0 KURIER !!!<\/p>\n","protected":false},"featured_media":3117,"comment_status":"open","ping_status":"closed","template":"","meta":[],"etheme_brands":[],"product_cat":[64],"product_tag":[],"class_list":["post-8727","product","type-product","status-publish","has-post-thumbnail","hentry","product_cat-topper"],"_links":{"self":[{"href":"https:\/\/new.decoczar.pl\/index.php\/wp-json\/wp\/v2\/product\/8727","targetHints":{"allow":["GET"]}}],"collection":[{"href":"https:\/\/new.decoczar.pl\/index.php\/wp-json\/wp\/v2\/product"}],"about":[{"href":"https:\/\/new.decoczar.pl\/index.php\/wp-json\/wp\/v2\/types\/product"}],"replies":[{"embeddable":true,"href":"https:\/\/new.decoczar.pl\/index.php\/wp-json\/wp\/v2\/comments?post=8727"}],"wp:featuredmedia":[{"embeddable":true,"href":"https:\/\/new.decoczar.pl\/index.php\/wp-json\/wp\/v2\/media\/3117"}],"wp:attachment":[{"href":"https:\/\/new.decoczar.pl\/index.php\/wp-json\/wp\/v2\/media?parent=8727"}],"wp:term":[{"taxonomy":"brand","embeddable":true,"href":"https:\/\/new.decoczar.pl\/index.php\/wp-json\/wp\/v2\/etheme_brands?post=8727"},{"taxonomy":"product_cat","embeddable":true,"href":"https:\/\/new.decoczar.pl\/index.php\/wp-json\/wp\/v2\/product_cat?post=8727"},{"taxonomy":"product_tag","embeddable":true,"href":"https:\/\/new.decoczar.pl\/index.php\/wp-json\/wp\/v2\/product_tag?post=8727"}],"curies":[{"name":"wp","href":"https:\/\/api.w.org\/{rel}","templated":true}]}}