{"id":8745,"date":"2023-09-07T23:43:36","date_gmt":"2023-09-07T21:43:36","guid":{"rendered":"https:\/\/new.decoczar.pl\/index.php\/product\/topper-mam-juz-roczek-kolor-8\/"},"modified":"2023-09-07T23:43:36","modified_gmt":"2023-09-07T21:43:36","slug":"topper-mam-juz-roczek-kolor-8","status":"publish","type":"product","link":"https:\/\/new.decoczar.pl\/index.php\/product\/topper-mam-juz-roczek-kolor-8\/","title":{"rendered":"Topper Mam ju\u017c roczek Kolor"},"content":{"rendered":"<p>Napisy ze sklejki<\/p>\n<p> \tWymiary 15 cm<br \/>\n \tWysoko\u015b\u0107 12 cm<br \/>\n \tWykonany ze sklejki brzozowej 3 cm<br \/>\n \tDrewniany szpikulec<br \/>\n \tCzas realizacji 2-5 dni po zaksi\u0119gowaniu wp\u0142aty<br \/>\n \tZale\u017cy Ci na czasie skontaktuj si\u0119 z nami<br \/>\n \tKolor r\u00f3\u017a\/niebieski<br \/>\n \tW uwagach do zam\u00f3wienia wpisz kolor r\u00f3\u017c\/niebieski<\/p>\n<p>WYSY\u0141KA TYLKO KURIER<\/p>\n","protected":false},"excerpt":{"rendered":"<p>Napisy ze sklejki<\/p>\n<p> \tWymiary 15 cm<br \/>\n \tWysoko\u015b\u0107 12 cm<br \/>\n \tWykonany ze sklejki brzozowej 3 cm<br \/>\n \tDrewniany szpikulec<br \/>\n \tCzas realizacji 2-5 dni po zaksi\u0119gowaniu wp\u0142aty<br \/>\n \tZale\u017cy Ci na czasie skontaktuj si\u0119 z nami<br \/>\n \tKolor r\u00f3\u017a\/niebieski<br \/>\n \tW uwagach do zam\u00f3wienia wpisz kolor r\u00f3\u017c\/niebieski<\/p>\n<p>WYSY\u0141KA TYLKO KURIER<\/p>\n","protected":false},"featured_media":3186,"comment_status":"open","ping_status":"closed","template":"","meta":[],"etheme_brands":[],"product_cat":[64],"product_tag":[],"class_list":["post-8745","product","type-product","status-publish","has-post-thumbnail","hentry","product_cat-topper"],"_links":{"self":[{"href":"https:\/\/new.decoczar.pl\/index.php\/wp-json\/wp\/v2\/product\/8745","targetHints":{"allow":["GET"]}}],"collection":[{"href":"https:\/\/new.decoczar.pl\/index.php\/wp-json\/wp\/v2\/product"}],"about":[{"href":"https:\/\/new.decoczar.pl\/index.php\/wp-json\/wp\/v2\/types\/product"}],"replies":[{"embeddable":true,"href":"https:\/\/new.decoczar.pl\/index.php\/wp-json\/wp\/v2\/comments?post=8745"}],"wp:featuredmedia":[{"embeddable":true,"href":"https:\/\/new.decoczar.pl\/index.php\/wp-json\/wp\/v2\/media\/3186"}],"wp:attachment":[{"href":"https:\/\/new.decoczar.pl\/index.php\/wp-json\/wp\/v2\/media?parent=8745"}],"wp:term":[{"taxonomy":"brand","embeddable":true,"href":"https:\/\/new.decoczar.pl\/index.php\/wp-json\/wp\/v2\/etheme_brands?post=8745"},{"taxonomy":"product_cat","embeddable":true,"href":"https:\/\/new.decoczar.pl\/index.php\/wp-json\/wp\/v2\/product_cat?post=8745"},{"taxonomy":"product_tag","embeddable":true,"href":"https:\/\/new.decoczar.pl\/index.php\/wp-json\/wp\/v2\/product_tag?post=8745"}],"curies":[{"name":"wp","href":"https:\/\/api.w.org\/{rel}","templated":true}]}}