{"id":8780,"date":"2023-09-08T03:50:11","date_gmt":"2023-09-08T01:50:11","guid":{"rendered":"https:\/\/new.decoczar.pl\/index.php\/product\/topper-happy-birthday-8\/"},"modified":"2023-09-08T03:50:11","modified_gmt":"2023-09-08T01:50:11","slug":"topper-happy-birthday-8","status":"publish","type":"product","link":"https:\/\/new.decoczar.pl\/index.php\/product\/topper-happy-birthday-8\/","title":{"rendered":"Topper Happy Birthday"},"content":{"rendered":"<p>Topper ze sklejki<\/p>\n<p> \tWymiary szeroko\u015b\u0107 14 cm<br \/>\n \tWysoko\u015b\u0107 9 cm<br \/>\n \tWykonany ze sklejki brzozowej 3 cm<br \/>\n \tKolor naturalne drewno<br \/>\n \tDrewniany szpikulec<br \/>\n \tCzas realizacji 2-5 dni roboczych po zaksi\u0119gowaniu wp\u0142aty ! (zale\u017cy Ci na czasie skontaktuj si\u0119 z nami )<\/p>\n<p>WYSY\u0141KA LIST PRIORYTET TOPPER B\u0104D\u0179 KURIER ( nie wysy\u0142amy poczt\u0105 za 6.00 z\u0142 !!! )<\/p>\n","protected":false},"excerpt":{"rendered":"<p>Topper ze sklejki<\/p>\n<p> \tWymiary szeroko\u015b\u0107 14 cm<br \/>\n \tWysoko\u015b\u0107 9 cm<br \/>\n \tWykonany ze sklejki brzozowej 3 cm<br \/>\n \tKolor naturalne drewno<br \/>\n \tDrewniany szpikulec<br \/>\n \tCzas realizacji 2-5 dni roboczych po zaksi\u0119gowaniu wp\u0142aty ! (zale\u017cy Ci na czasie skontaktuj si\u0119 z nami )<\/p>\n<p>WYSY\u0141KA LIST PRIORYTET TOPPER B\u0104D\u0179 KURIER ( nie wysy\u0142amy poczt\u0105 za 6.00 z\u0142 !!! )<\/p>\n","protected":false},"featured_media":3329,"comment_status":"open","ping_status":"closed","template":"","meta":[],"etheme_brands":[],"product_cat":[64],"product_tag":[],"class_list":["post-8780","product","type-product","status-publish","has-post-thumbnail","hentry","product_cat-topper"],"_links":{"self":[{"href":"https:\/\/new.decoczar.pl\/index.php\/wp-json\/wp\/v2\/product\/8780","targetHints":{"allow":["GET"]}}],"collection":[{"href":"https:\/\/new.decoczar.pl\/index.php\/wp-json\/wp\/v2\/product"}],"about":[{"href":"https:\/\/new.decoczar.pl\/index.php\/wp-json\/wp\/v2\/types\/product"}],"replies":[{"embeddable":true,"href":"https:\/\/new.decoczar.pl\/index.php\/wp-json\/wp\/v2\/comments?post=8780"}],"wp:featuredmedia":[{"embeddable":true,"href":"https:\/\/new.decoczar.pl\/index.php\/wp-json\/wp\/v2\/media\/3329"}],"wp:attachment":[{"href":"https:\/\/new.decoczar.pl\/index.php\/wp-json\/wp\/v2\/media?parent=8780"}],"wp:term":[{"taxonomy":"brand","embeddable":true,"href":"https:\/\/new.decoczar.pl\/index.php\/wp-json\/wp\/v2\/etheme_brands?post=8780"},{"taxonomy":"product_cat","embeddable":true,"href":"https:\/\/new.decoczar.pl\/index.php\/wp-json\/wp\/v2\/product_cat?post=8780"},{"taxonomy":"product_tag","embeddable":true,"href":"https:\/\/new.decoczar.pl\/index.php\/wp-json\/wp\/v2\/product_tag?post=8780"}],"curies":[{"name":"wp","href":"https:\/\/api.w.org\/{rel}","templated":true}]}}