{"id":8792,"date":"2023-09-08T17:55:58","date_gmt":"2023-09-08T15:55:58","guid":{"rendered":"https:\/\/new.decoczar.pl\/index.php\/product\/topper-roczek-imie-zloty-8\/"},"modified":"2023-09-08T17:55:58","modified_gmt":"2023-09-08T15:55:58","slug":"topper-roczek-imie-zloty-8","status":"publish","type":"product","link":"https:\/\/new.decoczar.pl\/index.php\/product\/topper-roczek-imie-zloty-8\/","title":{"rendered":"Topper Roczek + imi\u0119 z\u0142oty"},"content":{"rendered":"<p>Napisy ze sklejki<\/p>\n<p> \tWymiary szeroko\u015b\u0107 13 cm<br \/>\n \tWysoko\u015b\u0107 6 cm<br \/>\n \tWykonany ze sklejki brzozowej 3 mm nie z cienkiej\u00a0beermaty<br \/>\n \tDrewniane szpilki do wbicia<br \/>\n \tGrafika korona<br \/>\n \tKolor z\u0142oty<br \/>\n \tW uwagach dla klienta prosz\u0119 wpisa\u0107 imi\u0119 dziecka<br \/>\n \tCzas realizacji 2-5 dni roboczych po zaksi\u0119gowaniu wp\u0142aty !!!<\/p>\n<p>WYSY\u0141KA TYLKO KURIER \/ POBRANIE !!!<\/p>\n","protected":false},"excerpt":{"rendered":"<p>Napisy ze sklejki<\/p>\n<p> \tWymiary szeroko\u015b\u0107 13 cm<br \/>\n \tWysoko\u015b\u0107 6 cm<br \/>\n \tWykonany ze sklejki brzozowej 3 mm nie z cienkiej\u00a0beermaty<br \/>\n \tDrewniane szpilki do wbicia<br \/>\n \tGrafika korona<br \/>\n \tKolor z\u0142oty<br \/>\n \tW uwagach dla klienta prosz\u0119 wpisa\u0107 imi\u0119 dziecka<br \/>\n \tCzas realizacji 2-5 dni roboczych po zaksi\u0119gowaniu wp\u0142aty !!!<\/p>\n<p>WYSY\u0141KA TYLKO KURIER \/ POBRANIE !!!<\/p>\n","protected":false},"featured_media":3410,"comment_status":"open","ping_status":"closed","template":"","meta":[],"etheme_brands":[],"product_cat":[64],"product_tag":[],"class_list":["post-8792","product","type-product","status-publish","has-post-thumbnail","hentry","product_cat-topper"],"_links":{"self":[{"href":"https:\/\/new.decoczar.pl\/index.php\/wp-json\/wp\/v2\/product\/8792","targetHints":{"allow":["GET"]}}],"collection":[{"href":"https:\/\/new.decoczar.pl\/index.php\/wp-json\/wp\/v2\/product"}],"about":[{"href":"https:\/\/new.decoczar.pl\/index.php\/wp-json\/wp\/v2\/types\/product"}],"replies":[{"embeddable":true,"href":"https:\/\/new.decoczar.pl\/index.php\/wp-json\/wp\/v2\/comments?post=8792"}],"wp:featuredmedia":[{"embeddable":true,"href":"https:\/\/new.decoczar.pl\/index.php\/wp-json\/wp\/v2\/media\/3410"}],"wp:attachment":[{"href":"https:\/\/new.decoczar.pl\/index.php\/wp-json\/wp\/v2\/media?parent=8792"}],"wp:term":[{"taxonomy":"brand","embeddable":true,"href":"https:\/\/new.decoczar.pl\/index.php\/wp-json\/wp\/v2\/etheme_brands?post=8792"},{"taxonomy":"product_cat","embeddable":true,"href":"https:\/\/new.decoczar.pl\/index.php\/wp-json\/wp\/v2\/product_cat?post=8792"},{"taxonomy":"product_tag","embeddable":true,"href":"https:\/\/new.decoczar.pl\/index.php\/wp-json\/wp\/v2\/product_tag?post=8792"}],"curies":[{"name":"wp","href":"https:\/\/api.w.org\/{rel}","templated":true}]}}