{"id":8840,"date":"2023-09-08T18:11:00","date_gmt":"2023-09-08T16:11:00","guid":{"rendered":"http:\/\/new.decoczar.pl\/index.php\/product\/drewniana-kartka-ze-zdjeciem-15\/"},"modified":"2023-09-08T18:11:00","modified_gmt":"2023-09-08T16:11:00","slug":"drewniana-kartka-ze-zdjeciem-15","status":"publish","type":"product","link":"https:\/\/new.decoczar.pl\/index.php\/product\/drewniana-kartka-ze-zdjeciem-15\/","title":{"rendered":"Drewniana kartka ze zdj\u0119ciem"},"content":{"rendered":"<p>Drewniana kartka to oryginalny prezent z okazji \u015awi\u0105t Bo\u017cego Narodzenia dla najukocha\u0144szych Dziadk\u00f3w i Bab\u0107, a nietypowy materia\u0142 sprawi, \u017ce na pewno zachowaj\u0105 j\u0105 na d\u0142ugo. Do ka\u017cdej kartki do\u0142\u0105czamy eleganck\u0105, br\u0105zow\u0105 kopert\u0119.<\/p>\n<p>Podaruj najbli\u017cszym spersonalizowan\u0105 kartk\u0119 i stw\u00f3rz dla nich niepowtarzaln\u0105 pami\u0105tk\u0119!<\/p>\n<p>\u00a0<\/p>\n","protected":false},"excerpt":{"rendered":"<p>Drewniana kartka to oryginalny prezent z okazji \u015awi\u0105t Bo\u017cego Narodzenia dla najukocha\u0144szych Dziadk\u00f3w i Bab\u0107, a nietypowy materia\u0142 sprawi, \u017ce na pewno zachowaj\u0105 j\u0105 na d\u0142ugo. Do ka\u017cdej kartki do\u0142\u0105czamy eleganck\u0105, br\u0105zow\u0105 kopert\u0119.<\/p>\n<p>Podaruj najbli\u017cszym spersonalizowan\u0105 kartk\u0119 i stw\u00f3rz dla nich niepowtarzaln\u0105 pami\u0105tk\u0119!<\/p>\n<p>\u00a0<\/p>\n","protected":false},"featured_media":3631,"comment_status":"open","ping_status":"closed","template":"","meta":[],"etheme_brands":[],"product_cat":[74],"product_tag":[],"class_list":["post-8840","product","type-product","status-publish","has-post-thumbnail","hentry","product_cat-boze-narodzenie"],"_links":{"self":[{"href":"https:\/\/new.decoczar.pl\/index.php\/wp-json\/wp\/v2\/product\/8840","targetHints":{"allow":["GET"]}}],"collection":[{"href":"https:\/\/new.decoczar.pl\/index.php\/wp-json\/wp\/v2\/product"}],"about":[{"href":"https:\/\/new.decoczar.pl\/index.php\/wp-json\/wp\/v2\/types\/product"}],"replies":[{"embeddable":true,"href":"https:\/\/new.decoczar.pl\/index.php\/wp-json\/wp\/v2\/comments?post=8840"}],"wp:featuredmedia":[{"embeddable":true,"href":"https:\/\/new.decoczar.pl\/index.php\/wp-json\/wp\/v2\/media\/3631"}],"wp:attachment":[{"href":"https:\/\/new.decoczar.pl\/index.php\/wp-json\/wp\/v2\/media?parent=8840"}],"wp:term":[{"taxonomy":"brand","embeddable":true,"href":"https:\/\/new.decoczar.pl\/index.php\/wp-json\/wp\/v2\/etheme_brands?post=8840"},{"taxonomy":"product_cat","embeddable":true,"href":"https:\/\/new.decoczar.pl\/index.php\/wp-json\/wp\/v2\/product_cat?post=8840"},{"taxonomy":"product_tag","embeddable":true,"href":"https:\/\/new.decoczar.pl\/index.php\/wp-json\/wp\/v2\/product_tag?post=8840"}],"curies":[{"name":"wp","href":"https:\/\/api.w.org\/{rel}","templated":true}]}}