{"id":8860,"date":"2023-09-09T16:08:35","date_gmt":"2023-09-09T14:08:35","guid":{"rendered":"http:\/\/new.decoczar.pl\/index.php\/product\/prosba-o-blogoslawienstwo-dla-rodzicow-16\/"},"modified":"2023-09-09T16:08:35","modified_gmt":"2023-09-09T14:08:35","slug":"prosba-o-blogoslawienstwo-dla-rodzicow-16","status":"publish","type":"product","link":"https:\/\/new.decoczar.pl\/index.php\/product\/prosba-o-blogoslawienstwo-dla-rodzicow-16\/","title":{"rendered":"Pro\u015bba o b\u0142ogos\u0142awie\u0144stwo dla rodzic\u00f3w"},"content":{"rendered":"<p> \tCi\u0119cie laserowe<br \/>\n \tWymiary 11 x 15 cm\u00a0<br \/>\n \tZaproszenie wykonane ze sklejki brzozowej 3 mm<br \/>\n \tGrawer mo\u017cemy dowolnie modyfikowa\u0107<br \/>\n \tGRATIS !!! koperta br\u0105zowa z naklejk\u0105\u00a0\u00a0<br \/>\n \tW uwagach dla klienta prosz\u0119 wpisa\u0107 imiona i daty<br \/>\n \tCzas realizacji do 5 dni roboczych po zaksi\u0119gowaniu wp\u0142aty<\/p>\n","protected":false},"excerpt":{"rendered":"<p> \tCi\u0119cie laserowe<br \/>\n \tWymiary 11 x 15 cm\u00a0<br \/>\n \tZaproszenie wykonane ze sklejki brzozowej 3 mm<br \/>\n \tGrawer mo\u017cemy dowolnie modyfikowa\u0107<br \/>\n \tGRATIS !!! koperta br\u0105zowa z naklejk\u0105\u00a0\u00a0<br \/>\n \tW uwagach dla klienta prosz\u0119 wpisa\u0107 imiona i daty<br \/>\n \tCzas realizacji do 5 dni roboczych po zaksi\u0119gowaniu wp\u0142aty<\/p>\n","protected":false},"featured_media":3702,"comment_status":"open","ping_status":"closed","template":"","meta":[],"etheme_brands":[],"product_cat":[78],"product_tag":[],"class_list":["post-8860","product","type-product","status-publish","has-post-thumbnail","hentry","product_cat-slub-dekoracje"],"_links":{"self":[{"href":"https:\/\/new.decoczar.pl\/index.php\/wp-json\/wp\/v2\/product\/8860","targetHints":{"allow":["GET"]}}],"collection":[{"href":"https:\/\/new.decoczar.pl\/index.php\/wp-json\/wp\/v2\/product"}],"about":[{"href":"https:\/\/new.decoczar.pl\/index.php\/wp-json\/wp\/v2\/types\/product"}],"replies":[{"embeddable":true,"href":"https:\/\/new.decoczar.pl\/index.php\/wp-json\/wp\/v2\/comments?post=8860"}],"wp:featuredmedia":[{"embeddable":true,"href":"https:\/\/new.decoczar.pl\/index.php\/wp-json\/wp\/v2\/media\/3702"}],"wp:attachment":[{"href":"https:\/\/new.decoczar.pl\/index.php\/wp-json\/wp\/v2\/media?parent=8860"}],"wp:term":[{"taxonomy":"brand","embeddable":true,"href":"https:\/\/new.decoczar.pl\/index.php\/wp-json\/wp\/v2\/etheme_brands?post=8860"},{"taxonomy":"product_cat","embeddable":true,"href":"https:\/\/new.decoczar.pl\/index.php\/wp-json\/wp\/v2\/product_cat?post=8860"},{"taxonomy":"product_tag","embeddable":true,"href":"https:\/\/new.decoczar.pl\/index.php\/wp-json\/wp\/v2\/product_tag?post=8860"}],"curies":[{"name":"wp","href":"https:\/\/api.w.org\/{rel}","templated":true}]}}