{"id":8927,"date":"2023-09-12T08:52:35","date_gmt":"2023-09-12T06:52:35","guid":{"rendered":"https:\/\/new.decoczar.pl\/index.php\/product\/podziekowania-dla-gosci-aniolek-chrzest-swiety-z-magnesem-8\/"},"modified":"2023-09-12T08:52:35","modified_gmt":"2023-09-12T06:52:35","slug":"podziekowania-dla-gosci-aniolek-chrzest-swiety-z-magnesem-8","status":"publish","type":"product","link":"https:\/\/new.decoczar.pl\/index.php\/product\/podziekowania-dla-gosci-aniolek-chrzest-swiety-z-magnesem-8\/","title":{"rendered":"Podzi\u0119kowania dla go\u015bci Anio\u0142ek Chrzest \u015awi\u0119ty z magnesem"},"content":{"rendered":"<p>Podzi\u0119kowanie drewniane dla go\u015bci Chrzest \u015awi\u0119ty\u00a0<\/p>\n<p> \tCi\u0119cie laserowe<br \/>\n \tWymiary 10x 8,5 cm\u00a0<br \/>\n \tMateria\u0142 sklejka 3 mm<br \/>\n \tGrafika np. anio\u0142ka<br \/>\n \tMagnes<br \/>\n \tW uwagach do zam\u00f3wienia prosz\u0119 wpisa\u0107 imi\u0119 i dat\u0119<br \/>\n \tCzas realizacji do 5 dni roboczych po zaksi\u0119gowaniu wp\u0142aty<br \/>\n \tPrzy wi\u0119kszej ilo\u015bci zam\u00f3wienie jest realizowane d\u0142u\u017cej<\/p>\n","protected":false},"excerpt":{"rendered":"<p>Podzi\u0119kowanie drewniane dla go\u015bci Chrzest \u015awi\u0119ty\u00a0<\/p>\n<p> \tCi\u0119cie laserowe<br \/>\n \tWymiary 10x 8,5 cm\u00a0<br \/>\n \tMateria\u0142 sklejka 3 mm<br \/>\n \tGrafika np. anio\u0142ka<br \/>\n \tMagnes<br \/>\n \tW uwagach do zam\u00f3wienia prosz\u0119 wpisa\u0107 imi\u0119 i dat\u0119<br \/>\n \tCzas realizacji do 5 dni roboczych po zaksi\u0119gowaniu wp\u0142aty<br \/>\n \tPrzy wi\u0119kszej ilo\u015bci zam\u00f3wienie jest realizowane d\u0142u\u017cej<\/p>\n","protected":false},"featured_media":4102,"comment_status":"open","ping_status":"closed","template":"","meta":[],"etheme_brands":[],"product_cat":[83],"product_tag":[],"class_list":["post-8927","product","type-product","status-publish","has-post-thumbnail","hentry","product_cat-chrzest-swiety"],"_links":{"self":[{"href":"https:\/\/new.decoczar.pl\/index.php\/wp-json\/wp\/v2\/product\/8927","targetHints":{"allow":["GET"]}}],"collection":[{"href":"https:\/\/new.decoczar.pl\/index.php\/wp-json\/wp\/v2\/product"}],"about":[{"href":"https:\/\/new.decoczar.pl\/index.php\/wp-json\/wp\/v2\/types\/product"}],"replies":[{"embeddable":true,"href":"https:\/\/new.decoczar.pl\/index.php\/wp-json\/wp\/v2\/comments?post=8927"}],"wp:featuredmedia":[{"embeddable":true,"href":"https:\/\/new.decoczar.pl\/index.php\/wp-json\/wp\/v2\/media\/4102"}],"wp:attachment":[{"href":"https:\/\/new.decoczar.pl\/index.php\/wp-json\/wp\/v2\/media?parent=8927"}],"wp:term":[{"taxonomy":"brand","embeddable":true,"href":"https:\/\/new.decoczar.pl\/index.php\/wp-json\/wp\/v2\/etheme_brands?post=8927"},{"taxonomy":"product_cat","embeddable":true,"href":"https:\/\/new.decoczar.pl\/index.php\/wp-json\/wp\/v2\/product_cat?post=8927"},{"taxonomy":"product_tag","embeddable":true,"href":"https:\/\/new.decoczar.pl\/index.php\/wp-json\/wp\/v2\/product_tag?post=8927"}],"curies":[{"name":"wp","href":"https:\/\/api.w.org\/{rel}","templated":true}]}}