{"id":8957,"date":"2023-09-12T09:20:35","date_gmt":"2023-09-12T07:20:35","guid":{"rendered":"http:\/\/new.decoczar.pl\/index.php\/product\/spersonalizowane-podziekowania-dla-rodzicow-33\/"},"modified":"2023-09-12T09:20:35","modified_gmt":"2023-09-12T07:20:35","slug":"spersonalizowane-podziekowania-dla-rodzicow-33","status":"publish","type":"product","link":"https:\/\/new.decoczar.pl\/index.php\/product\/spersonalizowane-podziekowania-dla-rodzicow-33\/","title":{"rendered":"SPERSONALIZOWANE PODZI\u0118KOWANIA DLA RODZIC\u00d3W"},"content":{"rendered":"<p>SPERSONALIZOWANE PODZI\u0118KOWANIA DLA RODZIC\u00d3W W FORMIE OBRAZU Z DRZEWKIEM PODZI\u0118KOWA\u0143<br \/>\nW tym szczeg\u00f3lnym dniu chcia\u0142by\u015b podzi\u0119kowa\u0107 swoim rodzicom za wszystko co dla Ciebie zrobili, powiedzie\u0107 im jak bardzo s\u0105 dla Ciebie wa\u017cni, ile dla Ciebie znacz\u0105.<\/p>\n<p>Opr\u00f3cz pi\u0119knych i wzruszaj\u0105cych s\u0142\u00f3w podarujcie im prezent prosto z serca. Je\u015bli szukasz wyj\u0105tkowych, oryginalnych podzi\u0119kowa\u0144 dla rodzic\u00f3w, to nasza propozycja powinna Ci si\u0119 spodoba\u0107.<\/p>\n<p> \tOryginalna forma podzi\u0119kowa\u0144, mo\u017cliwo\u015b\u0107 pe\u0142nej personalizacji sprawia, \u017ce jest to produkt wyj\u0105tkowy, niepowtarzalny, jedyny w swoim rodzaju.<br \/>\n \tZastosowanie techniki wycinania i grawerowania laserowego daje gwarancj\u0119 jako\u015bci i trwa\u0142o\u015bci produktu.<br \/>\n \tPodzi\u0119kowania grawerowane na drewnianych serduszkach pozostan\u0105 niezmienione przez lata, nie wybledn\u0105, nie zniszcz\u0105 si\u0119.<br \/>\n \tWygl\u0105daj\u0105 pi\u0119knie, elegancko i s\u0105 bardzo osobiste.<\/p>\n","protected":false},"excerpt":{"rendered":"<p>SPERSONALIZOWANE PODZI\u0118KOWANIA DLA RODZIC\u00d3W W FORMIE OBRAZU Z DRZEWKIEM PODZI\u0118KOWA\u0143<br \/>\nW tym szczeg\u00f3lnym dniu chcia\u0142by\u015b podzi\u0119kowa\u0107 swoim rodzicom za wszystko co dla Ciebie zrobili, powiedzie\u0107 im jak bardzo s\u0105 dla Ciebie wa\u017cni, ile dla Ciebie znacz\u0105.<\/p>\n<p>Opr\u00f3cz pi\u0119knych i wzruszaj\u0105cych s\u0142\u00f3w podarujcie im prezent prosto z serca. Je\u015bli szukasz wyj\u0105tkowych, oryginalnych podzi\u0119kowa\u0144 dla rodzic\u00f3w, to nasza propozycja powinna Ci si\u0119 spodoba\u0107.<\/p>\n<p> \tOryginalna forma podzi\u0119kowa\u0144, mo\u017cliwo\u015b\u0107 pe\u0142nej personalizacji sprawia, \u017ce jest to produkt wyj\u0105tkowy, niepowtarzalny, jedyny w swoim rodzaju.<br \/>\n \tZastosowanie techniki wycinania i grawerowania laserowego daje gwarancj\u0119 jako\u015bci i trwa\u0142o\u015bci produktu.<br \/>\n \tPodzi\u0119kowania grawerowane na drewnianych serduszkach pozostan\u0105 niezmienione przez lata, nie wybledn\u0105, nie zniszcz\u0105 si\u0119.<br \/>\n \tWygl\u0105daj\u0105 pi\u0119knie, elegancko i s\u0105 bardzo osobiste.<\/p>\n","protected":false},"featured_media":4268,"comment_status":"open","ping_status":"closed","template":"","meta":[],"etheme_brands":[],"product_cat":[78],"product_tag":[],"class_list":["post-8957","product","type-product","status-publish","has-post-thumbnail","hentry","product_cat-slub-dekoracje"],"_links":{"self":[{"href":"https:\/\/new.decoczar.pl\/index.php\/wp-json\/wp\/v2\/product\/8957","targetHints":{"allow":["GET"]}}],"collection":[{"href":"https:\/\/new.decoczar.pl\/index.php\/wp-json\/wp\/v2\/product"}],"about":[{"href":"https:\/\/new.decoczar.pl\/index.php\/wp-json\/wp\/v2\/types\/product"}],"replies":[{"embeddable":true,"href":"https:\/\/new.decoczar.pl\/index.php\/wp-json\/wp\/v2\/comments?post=8957"}],"wp:featuredmedia":[{"embeddable":true,"href":"https:\/\/new.decoczar.pl\/index.php\/wp-json\/wp\/v2\/media\/4268"}],"wp:attachment":[{"href":"https:\/\/new.decoczar.pl\/index.php\/wp-json\/wp\/v2\/media?parent=8957"}],"wp:term":[{"taxonomy":"brand","embeddable":true,"href":"https:\/\/new.decoczar.pl\/index.php\/wp-json\/wp\/v2\/etheme_brands?post=8957"},{"taxonomy":"product_cat","embeddable":true,"href":"https:\/\/new.decoczar.pl\/index.php\/wp-json\/wp\/v2\/product_cat?post=8957"},{"taxonomy":"product_tag","embeddable":true,"href":"https:\/\/new.decoczar.pl\/index.php\/wp-json\/wp\/v2\/product_tag?post=8957"}],"curies":[{"name":"wp","href":"https:\/\/api.w.org\/{rel}","templated":true}]}}