{"id":8966,"date":"2023-09-21T07:45:06","date_gmt":"2023-09-21T05:45:06","guid":{"rendered":"http:\/\/new.decoczar.pl\/index.php\/product\/swiecznik-z-orzecha-wloskiego\/"},"modified":"2023-09-21T07:45:06","modified_gmt":"2023-09-21T05:45:06","slug":"swiecznik-z-orzecha-wloskiego","status":"publish","type":"product","link":"https:\/\/new.decoczar.pl\/index.php\/product\/swiecznik-z-orzecha-wloskiego\/","title":{"rendered":"\u015awiecznik z orzecha w\u0142oskiego"},"content":{"rendered":"<p>Cechy produktu :<\/p>\n<p> \tWymiary: 21 x 11 cm, wys 3 cm<br \/>\n \tMateria\u0142 : drewno &#8211; orzech woski<br \/>\n \tGotowy egzemplarz do wysy\u0142ki<br \/>\n \tZaimpregnowany wysokiej jako\u015bci olejem do kontaktu z \u017cywno\u015bci\u0105<br \/>\n \tLiczba miejsc na \u015bwieczk\u0119 ; 1<br \/>\n \tProdukt w ca\u0142o\u015bci wykonany w Polsce. Kupuj\u0105c u nas wspierasz Polsk\u0105 przedsi\u0119biorczo\u015b\u0107<\/p>\n","protected":false},"excerpt":{"rendered":"<p>Cechy produktu :<\/p>\n<p> \tWymiary: 21 x 11 cm, wys 3 cm<br \/>\n \tMateria\u0142 : drewno &#8211; orzech woski<br \/>\n \tGotowy egzemplarz do wysy\u0142ki<br \/>\n \tZaimpregnowany wysokiej jako\u015bci olejem do kontaktu z \u017cywno\u015bci\u0105<br \/>\n \tLiczba miejsc na \u015bwieczk\u0119 ; 1<br \/>\n \tProdukt w ca\u0142o\u015bci wykonany w Polsce. Kupuj\u0105c u nas wspierasz Polsk\u0105 przedsi\u0119biorczo\u015b\u0107<\/p>\n","protected":false},"featured_media":8965,"comment_status":"open","ping_status":"closed","template":"","meta":[],"etheme_brands":[],"product_cat":[194],"product_tag":[],"class_list":["post-8966","product","type-product","status-publish","has-post-thumbnail","hentry","product_cat-dostepne-od-reki-swieczniki"],"_links":{"self":[{"href":"https:\/\/new.decoczar.pl\/index.php\/wp-json\/wp\/v2\/product\/8966","targetHints":{"allow":["GET"]}}],"collection":[{"href":"https:\/\/new.decoczar.pl\/index.php\/wp-json\/wp\/v2\/product"}],"about":[{"href":"https:\/\/new.decoczar.pl\/index.php\/wp-json\/wp\/v2\/types\/product"}],"replies":[{"embeddable":true,"href":"https:\/\/new.decoczar.pl\/index.php\/wp-json\/wp\/v2\/comments?post=8966"}],"wp:featuredmedia":[{"embeddable":true,"href":"https:\/\/new.decoczar.pl\/index.php\/wp-json\/wp\/v2\/media\/8965"}],"wp:attachment":[{"href":"https:\/\/new.decoczar.pl\/index.php\/wp-json\/wp\/v2\/media?parent=8966"}],"wp:term":[{"taxonomy":"brand","embeddable":true,"href":"https:\/\/new.decoczar.pl\/index.php\/wp-json\/wp\/v2\/etheme_brands?post=8966"},{"taxonomy":"product_cat","embeddable":true,"href":"https:\/\/new.decoczar.pl\/index.php\/wp-json\/wp\/v2\/product_cat?post=8966"},{"taxonomy":"product_tag","embeddable":true,"href":"https:\/\/new.decoczar.pl\/index.php\/wp-json\/wp\/v2\/product_tag?post=8966"}],"curies":[{"name":"wp","href":"https:\/\/api.w.org\/{rel}","templated":true}]}}