{"id":8985,"date":"2023-09-21T07:45:17","date_gmt":"2023-09-21T05:45:17","guid":{"rendered":"http:\/\/new.decoczar.pl\/index.php\/product\/wieszak-stojak-na-reczniki-stojacy-loft-4-szt-2\/"},"modified":"2023-09-21T07:45:17","modified_gmt":"2023-09-21T05:45:17","slug":"wieszak-stojak-na-reczniki-stojacy-loft-4-szt-2","status":"publish","type":"product","link":"https:\/\/new.decoczar.pl\/index.php\/product\/wieszak-stojak-na-reczniki-stojacy-loft-4-szt-2\/","title":{"rendered":"WIESZAK \/ STOJAK NA R\u0118CZNIKI STOJ\u0104CY LOFT 4 szt"},"content":{"rendered":"<p>Stojak na r\u0119czniki<\/p>\n<p>Wysy\u0142ka tylko kurier 25 z\u0142 (kurier metal )<\/p>\n<p> \tWymiary: szeroko\u015b\u0107: 60 cm<br \/>\n \t\u00a0wysoko\u015b\u0107 ramion: 65 cm, 75 cm i 85 cm<br \/>\n \t\u00a0g\u0142\u0119boko\u015b\u0107: 20 cm<br \/>\n \tProfil 2&#215;2 cm<br \/>\n \tMalowany proszkowo<br \/>\n \tjako\u015b\u0107 wykonania niepor\u00f3wnywalnie lepsza, w stosunku do tanich, market-owych zamiennik\u00f3w,<br \/>\n \tCzas realizacji do 14 dni roboczych po zaksi\u0119gowaniu wp\u0142aty<br \/>\n \tNIE WYSY\u0141AM ZA POBRANIEM !!!<\/p>\n","protected":false},"excerpt":{"rendered":"<p>Stojak na r\u0119czniki<\/p>\n<p>Wysy\u0142ka tylko kurier 25 z\u0142 (kurier metal )<\/p>\n<p> \tWymiary: szeroko\u015b\u0107: 60 cm<br \/>\n \t\u00a0wysoko\u015b\u0107 ramion: 65 cm, 75 cm i 85 cm<br \/>\n \t\u00a0g\u0142\u0119boko\u015b\u0107: 20 cm<br \/>\n \tProfil 2&#215;2 cm<br \/>\n \tMalowany proszkowo<br \/>\n \tjako\u015b\u0107 wykonania niepor\u00f3wnywalnie lepsza, w stosunku do tanich, market-owych zamiennik\u00f3w,<br \/>\n \tCzas realizacji do 14 dni roboczych po zaksi\u0119gowaniu wp\u0142aty<br \/>\n \tNIE WYSY\u0141AM ZA POBRANIEM !!!<\/p>\n","protected":false},"featured_media":4908,"comment_status":"open","ping_status":"closed","template":"","meta":[],"etheme_brands":[],"product_cat":[50],"product_tag":[],"class_list":["post-8985","product","type-product","status-publish","has-post-thumbnail","hentry","product_cat-podstawy-metalowe-stelaze-stojaki"],"_links":{"self":[{"href":"https:\/\/new.decoczar.pl\/index.php\/wp-json\/wp\/v2\/product\/8985","targetHints":{"allow":["GET"]}}],"collection":[{"href":"https:\/\/new.decoczar.pl\/index.php\/wp-json\/wp\/v2\/product"}],"about":[{"href":"https:\/\/new.decoczar.pl\/index.php\/wp-json\/wp\/v2\/types\/product"}],"replies":[{"embeddable":true,"href":"https:\/\/new.decoczar.pl\/index.php\/wp-json\/wp\/v2\/comments?post=8985"}],"wp:featuredmedia":[{"embeddable":true,"href":"https:\/\/new.decoczar.pl\/index.php\/wp-json\/wp\/v2\/media\/4908"}],"wp:attachment":[{"href":"https:\/\/new.decoczar.pl\/index.php\/wp-json\/wp\/v2\/media?parent=8985"}],"wp:term":[{"taxonomy":"brand","embeddable":true,"href":"https:\/\/new.decoczar.pl\/index.php\/wp-json\/wp\/v2\/etheme_brands?post=8985"},{"taxonomy":"product_cat","embeddable":true,"href":"https:\/\/new.decoczar.pl\/index.php\/wp-json\/wp\/v2\/product_cat?post=8985"},{"taxonomy":"product_tag","embeddable":true,"href":"https:\/\/new.decoczar.pl\/index.php\/wp-json\/wp\/v2\/product_tag?post=8985"}],"curies":[{"name":"wp","href":"https:\/\/api.w.org\/{rel}","templated":true}]}}