{"id":9164,"date":"2023-09-22T05:14:57","date_gmt":"2023-09-22T03:14:57","guid":{"rendered":"http:\/\/new.decoczar.pl\/index.php\/product\/brelok-z-zywicy-koniczyna-9\/"},"modified":"2023-09-22T05:14:57","modified_gmt":"2023-09-22T03:14:57","slug":"brelok-z-zywicy-koniczyna-9","status":"publish","type":"product","link":"https:\/\/new.decoczar.pl\/index.php\/product\/brelok-z-zywicy-koniczyna-9\/","title":{"rendered":"Brelok z \u017cywicy KONICZYNA"},"content":{"rendered":"<p> \tWymiary 6,5&#215;6,5 cm<br \/>\n \tW uwagach do zam\u00f3wienia prosz\u0119 wpisa\u0107 kt\u00f3ry wz\u00f3r<br \/>\n \tNie podaj\u0105c wzoru &#8211; wysy\u0142amy losowo<\/p>\n","protected":false},"excerpt":{"rendered":"<p> \tWymiary 6,5&#215;6,5 cm<br \/>\n \tW uwagach do zam\u00f3wienia prosz\u0119 wpisa\u0107 kt\u00f3ry wz\u00f3r<br \/>\n \tNie podaj\u0105c wzoru &#8211; wysy\u0142amy losowo<\/p>\n","protected":false},"featured_media":2558,"comment_status":"open","ping_status":"closed","template":"","meta":[],"etheme_brands":[],"product_cat":[241],"product_tag":[],"class_list":["post-9164","product","type-product","status-publish","has-post-thumbnail","hentry","product_cat-dostepne-od-reki-zywica"],"_links":{"self":[{"href":"https:\/\/new.decoczar.pl\/index.php\/wp-json\/wp\/v2\/product\/9164","targetHints":{"allow":["GET"]}}],"collection":[{"href":"https:\/\/new.decoczar.pl\/index.php\/wp-json\/wp\/v2\/product"}],"about":[{"href":"https:\/\/new.decoczar.pl\/index.php\/wp-json\/wp\/v2\/types\/product"}],"replies":[{"embeddable":true,"href":"https:\/\/new.decoczar.pl\/index.php\/wp-json\/wp\/v2\/comments?post=9164"}],"wp:featuredmedia":[{"embeddable":true,"href":"https:\/\/new.decoczar.pl\/index.php\/wp-json\/wp\/v2\/media\/2558"}],"wp:attachment":[{"href":"https:\/\/new.decoczar.pl\/index.php\/wp-json\/wp\/v2\/media?parent=9164"}],"wp:term":[{"taxonomy":"brand","embeddable":true,"href":"https:\/\/new.decoczar.pl\/index.php\/wp-json\/wp\/v2\/etheme_brands?post=9164"},{"taxonomy":"product_cat","embeddable":true,"href":"https:\/\/new.decoczar.pl\/index.php\/wp-json\/wp\/v2\/product_cat?post=9164"},{"taxonomy":"product_tag","embeddable":true,"href":"https:\/\/new.decoczar.pl\/index.php\/wp-json\/wp\/v2\/product_tag?post=9164"}],"curies":[{"name":"wp","href":"https:\/\/api.w.org\/{rel}","templated":true}]}}