{"id":9288,"date":"2023-09-23T09:12:02","date_gmt":"2023-09-23T07:12:02","guid":{"rendered":"http:\/\/new.decoczar.pl\/index.php\/product\/topper-2-imiona-9\/"},"modified":"2023-09-23T09:12:02","modified_gmt":"2023-09-23T07:12:02","slug":"topper-2-imiona-9","status":"publish","type":"product","link":"https:\/\/new.decoczar.pl\/index.php\/product\/topper-2-imiona-9\/","title":{"rendered":"Topper 2 imiona"},"content":{"rendered":"<p>TOPPER<\/p>\n<p> \tWymiary 16 x 15 cm<br \/>\n \tKolor naturalne drewno<br \/>\n \tMateria\u0142 : sklejka drewniana 3 mm<br \/>\n \tW uwagach do zam\u00f3wienia prosz\u0119 wpisa\u0107 imiona<br \/>\n \tCzas realizacji do 5 dni roboczych po zaksi\u0119gowaniu wp\u0142aty<br \/>\n \tWYSY\u0141KA TYLKO KURIER !!!<\/p>\n","protected":false},"excerpt":{"rendered":"<p>TOPPER<\/p>\n<p> \tWymiary 16 x 15 cm<br \/>\n \tKolor naturalne drewno<br \/>\n \tMateria\u0142 : sklejka drewniana 3 mm<br \/>\n \tW uwagach do zam\u00f3wienia prosz\u0119 wpisa\u0107 imiona<br \/>\n \tCzas realizacji do 5 dni roboczych po zaksi\u0119gowaniu wp\u0142aty<br \/>\n \tWYSY\u0141KA TYLKO KURIER !!!<\/p>\n","protected":false},"featured_media":3034,"comment_status":"open","ping_status":"closed","template":"","meta":[],"etheme_brands":[],"product_cat":[64],"product_tag":[],"class_list":["post-9288","product","type-product","status-publish","has-post-thumbnail","hentry","product_cat-topper"],"_links":{"self":[{"href":"https:\/\/new.decoczar.pl\/index.php\/wp-json\/wp\/v2\/product\/9288","targetHints":{"allow":["GET"]}}],"collection":[{"href":"https:\/\/new.decoczar.pl\/index.php\/wp-json\/wp\/v2\/product"}],"about":[{"href":"https:\/\/new.decoczar.pl\/index.php\/wp-json\/wp\/v2\/types\/product"}],"replies":[{"embeddable":true,"href":"https:\/\/new.decoczar.pl\/index.php\/wp-json\/wp\/v2\/comments?post=9288"}],"wp:featuredmedia":[{"embeddable":true,"href":"https:\/\/new.decoczar.pl\/index.php\/wp-json\/wp\/v2\/media\/3034"}],"wp:attachment":[{"href":"https:\/\/new.decoczar.pl\/index.php\/wp-json\/wp\/v2\/media?parent=9288"}],"wp:term":[{"taxonomy":"brand","embeddable":true,"href":"https:\/\/new.decoczar.pl\/index.php\/wp-json\/wp\/v2\/etheme_brands?post=9288"},{"taxonomy":"product_cat","embeddable":true,"href":"https:\/\/new.decoczar.pl\/index.php\/wp-json\/wp\/v2\/product_cat?post=9288"},{"taxonomy":"product_tag","embeddable":true,"href":"https:\/\/new.decoczar.pl\/index.php\/wp-json\/wp\/v2\/product_tag?post=9288"}],"curies":[{"name":"wp","href":"https:\/\/api.w.org\/{rel}","templated":true}]}}