{"id":9304,"date":"2023-09-25T05:26:00","date_gmt":"2023-09-25T03:26:00","guid":{"rendered":"https:\/\/new.decoczar.pl\/index.php\/product\/ramka-z-prosba-o-bycie-rodzicem-chrzestnym-9\/"},"modified":"2023-09-25T05:26:00","modified_gmt":"2023-09-25T03:26:00","slug":"ramka-z-prosba-o-bycie-rodzicem-chrzestnym-9","status":"publish","type":"product","link":"https:\/\/new.decoczar.pl\/index.php\/product\/ramka-z-prosba-o-bycie-rodzicem-chrzestnym-9\/","title":{"rendered":"RAMKA Z PRO\u015aB\u0104 O BYCIE RODZICEM CHRZESTNYM"},"content":{"rendered":"<p>Ramka ozdobna<\/p>\n<p> \tFormat A3 20\u00d730 cm\u00a0<br \/>\n \tWysokiej jako\u015bci wydruk na papierze kredowym<br \/>\n \tBia\u0142a ramka z ochronn\u0105 plexi<br \/>\n \tBia\u0142a kokardka<br \/>\n \tW uwagach do zam\u00f3wienia prosz\u0119 wpisa\u0107 imi\u0119 chrzestnego\/chrzestnej i dziecka<\/p>\n<p>WYSY\u0141KA TYLKO KURIER !!!<\/p>\n","protected":false},"excerpt":{"rendered":"<p>Ramka ozdobna<\/p>\n<p> \tFormat A3 20\u00d730 cm\u00a0<br \/>\n \tWysokiej jako\u015bci wydruk na papierze kredowym<br \/>\n \tBia\u0142a ramka z ochronn\u0105 plexi<br \/>\n \tBia\u0142a kokardka<br \/>\n \tW uwagach do zam\u00f3wienia prosz\u0119 wpisa\u0107 imi\u0119 chrzestnego\/chrzestnej i dziecka<\/p>\n<p>WYSY\u0141KA TYLKO KURIER !!!<\/p>\n","protected":false},"featured_media":3122,"comment_status":"open","ping_status":"closed","template":"","meta":[],"etheme_brands":[],"product_cat":[83],"product_tag":[],"class_list":["post-9304","product","type-product","status-publish","has-post-thumbnail","hentry","product_cat-chrzest-swiety"],"_links":{"self":[{"href":"https:\/\/new.decoczar.pl\/index.php\/wp-json\/wp\/v2\/product\/9304","targetHints":{"allow":["GET"]}}],"collection":[{"href":"https:\/\/new.decoczar.pl\/index.php\/wp-json\/wp\/v2\/product"}],"about":[{"href":"https:\/\/new.decoczar.pl\/index.php\/wp-json\/wp\/v2\/types\/product"}],"replies":[{"embeddable":true,"href":"https:\/\/new.decoczar.pl\/index.php\/wp-json\/wp\/v2\/comments?post=9304"}],"wp:featuredmedia":[{"embeddable":true,"href":"https:\/\/new.decoczar.pl\/index.php\/wp-json\/wp\/v2\/media\/3122"}],"wp:attachment":[{"href":"https:\/\/new.decoczar.pl\/index.php\/wp-json\/wp\/v2\/media?parent=9304"}],"wp:term":[{"taxonomy":"brand","embeddable":true,"href":"https:\/\/new.decoczar.pl\/index.php\/wp-json\/wp\/v2\/etheme_brands?post=9304"},{"taxonomy":"product_cat","embeddable":true,"href":"https:\/\/new.decoczar.pl\/index.php\/wp-json\/wp\/v2\/product_cat?post=9304"},{"taxonomy":"product_tag","embeddable":true,"href":"https:\/\/new.decoczar.pl\/index.php\/wp-json\/wp\/v2\/product_tag?post=9304"}],"curies":[{"name":"wp","href":"https:\/\/api.w.org\/{rel}","templated":true}]}}