{"id":9353,"date":"2023-09-25T09:52:51","date_gmt":"2023-09-25T07:52:51","guid":{"rendered":"http:\/\/new.decoczar.pl\/index.php\/product\/topper-na-roczek-baloniki-kolor-brokat-9\/"},"modified":"2023-09-25T09:52:51","modified_gmt":"2023-09-25T07:52:51","slug":"topper-na-roczek-baloniki-kolor-brokat-9","status":"publish","type":"product","link":"https:\/\/new.decoczar.pl\/index.php\/product\/topper-na-roczek-baloniki-kolor-brokat-9\/","title":{"rendered":"Topper na roczek baloniki KOLOR\/BROKAT"},"content":{"rendered":"<p>Napisy ze sklejki<\/p>\n<p> \tWymiary szeroko\u015b\u0107 16 cm<br \/>\n \tWysoko\u015b\u0107 7 cm<br \/>\n \tWykonany ze sklejki brzozowej 3 cm<br \/>\n \tImi\u0119 mo\u017cemy modyfikowa\u0107<br \/>\n \tW uwagach do zam\u00f3wienia prosz\u0119 wpisa\u0107 imi\u0119 oraz kolor<br \/>\n \tKolor (dowolny )<br \/>\n \tGrafika balon\u00f3w<\/p>\n<p>WYSY\u0141KA LIST PRIORYTET TOPPER B\u0104D\u0179 KURIER ( nie wysy\u0142am listem za 6,00 z\u0142\u00a0 !!! )<\/p>\n","protected":false},"excerpt":{"rendered":"<p>Napisy ze sklejki<\/p>\n<p> \tWymiary szeroko\u015b\u0107 16 cm<br \/>\n \tWysoko\u015b\u0107 7 cm<br \/>\n \tWykonany ze sklejki brzozowej 3 cm<br \/>\n \tImi\u0119 mo\u017cemy modyfikowa\u0107<br \/>\n \tW uwagach do zam\u00f3wienia prosz\u0119 wpisa\u0107 imi\u0119 oraz kolor<br \/>\n \tKolor (dowolny )<br \/>\n \tGrafika balon\u00f3w<\/p>\n<p>WYSY\u0141KA LIST PRIORYTET TOPPER B\u0104D\u0179 KURIER ( nie wysy\u0142am listem za 6,00 z\u0142\u00a0 !!! )<\/p>\n","protected":false},"featured_media":3313,"comment_status":"open","ping_status":"closed","template":"","meta":[],"etheme_brands":[],"product_cat":[64],"product_tag":[],"class_list":["post-9353","product","type-product","status-publish","has-post-thumbnail","hentry","product_cat-topper"],"_links":{"self":[{"href":"https:\/\/new.decoczar.pl\/index.php\/wp-json\/wp\/v2\/product\/9353","targetHints":{"allow":["GET"]}}],"collection":[{"href":"https:\/\/new.decoczar.pl\/index.php\/wp-json\/wp\/v2\/product"}],"about":[{"href":"https:\/\/new.decoczar.pl\/index.php\/wp-json\/wp\/v2\/types\/product"}],"replies":[{"embeddable":true,"href":"https:\/\/new.decoczar.pl\/index.php\/wp-json\/wp\/v2\/comments?post=9353"}],"wp:featuredmedia":[{"embeddable":true,"href":"https:\/\/new.decoczar.pl\/index.php\/wp-json\/wp\/v2\/media\/3313"}],"wp:attachment":[{"href":"https:\/\/new.decoczar.pl\/index.php\/wp-json\/wp\/v2\/media?parent=9353"}],"wp:term":[{"taxonomy":"brand","embeddable":true,"href":"https:\/\/new.decoczar.pl\/index.php\/wp-json\/wp\/v2\/etheme_brands?post=9353"},{"taxonomy":"product_cat","embeddable":true,"href":"https:\/\/new.decoczar.pl\/index.php\/wp-json\/wp\/v2\/product_cat?post=9353"},{"taxonomy":"product_tag","embeddable":true,"href":"https:\/\/new.decoczar.pl\/index.php\/wp-json\/wp\/v2\/product_tag?post=9353"}],"curies":[{"name":"wp","href":"https:\/\/api.w.org\/{rel}","templated":true}]}}