{"id":9361,"date":"2023-09-26T15:20:08","date_gmt":"2023-09-26T13:20:08","guid":{"rendered":"http:\/\/new.decoczar.pl\/index.php\/product\/topper-pierwsza-komunia-swieta-chlopiec-9\/"},"modified":"2023-09-26T15:20:08","modified_gmt":"2023-09-26T13:20:08","slug":"topper-pierwsza-komunia-swieta-chlopiec-9","status":"publish","type":"product","link":"https:\/\/new.decoczar.pl\/index.php\/product\/topper-pierwsza-komunia-swieta-chlopiec-9\/","title":{"rendered":"Topper Pierwsza Komunia \u015awi\u0119ta ch\u0142opiec"},"content":{"rendered":"<p>Topper ze sklejki<\/p>\n<p> \tWymiary szeroko\u015b\u0107 14 cm<br \/>\n \tWysoko\u015b\u0107 10 cm<br \/>\n \tWykonany ze sklejki brzozowej 3 cm<br \/>\n \tGrafika dziewczynki<br \/>\n \tKolor naturalne drewno<br \/>\n \tDrewniane szpikulce<\/p>\n<p>WYSY\u0141KA LIST PRIORYTET TOPPER B\u0104D\u0179 KURIER ( nie wysy\u0142amy poczt\u0105 za 6.00 z\u0142 !!! )<\/p>\n","protected":false},"excerpt":{"rendered":"<p>Topper ze sklejki<\/p>\n<p> \tWymiary szeroko\u015b\u0107 14 cm<br \/>\n \tWysoko\u015b\u0107 10 cm<br \/>\n \tWykonany ze sklejki brzozowej 3 cm<br \/>\n \tGrafika dziewczynki<br \/>\n \tKolor naturalne drewno<br \/>\n \tDrewniane szpikulce<\/p>\n<p>WYSY\u0141KA LIST PRIORYTET TOPPER B\u0104D\u0179 KURIER ( nie wysy\u0142amy poczt\u0105 za 6.00 z\u0142 !!! )<\/p>\n","protected":false},"featured_media":3370,"comment_status":"open","ping_status":"closed","template":"","meta":[],"etheme_brands":[],"product_cat":[62],"product_tag":[],"class_list":["post-9361","product","type-product","status-publish","has-post-thumbnail","hentry","product_cat-komunia-swieta-topper"],"_links":{"self":[{"href":"https:\/\/new.decoczar.pl\/index.php\/wp-json\/wp\/v2\/product\/9361","targetHints":{"allow":["GET"]}}],"collection":[{"href":"https:\/\/new.decoczar.pl\/index.php\/wp-json\/wp\/v2\/product"}],"about":[{"href":"https:\/\/new.decoczar.pl\/index.php\/wp-json\/wp\/v2\/types\/product"}],"replies":[{"embeddable":true,"href":"https:\/\/new.decoczar.pl\/index.php\/wp-json\/wp\/v2\/comments?post=9361"}],"wp:featuredmedia":[{"embeddable":true,"href":"https:\/\/new.decoczar.pl\/index.php\/wp-json\/wp\/v2\/media\/3370"}],"wp:attachment":[{"href":"https:\/\/new.decoczar.pl\/index.php\/wp-json\/wp\/v2\/media?parent=9361"}],"wp:term":[{"taxonomy":"brand","embeddable":true,"href":"https:\/\/new.decoczar.pl\/index.php\/wp-json\/wp\/v2\/etheme_brands?post=9361"},{"taxonomy":"product_cat","embeddable":true,"href":"https:\/\/new.decoczar.pl\/index.php\/wp-json\/wp\/v2\/product_cat?post=9361"},{"taxonomy":"product_tag","embeddable":true,"href":"https:\/\/new.decoczar.pl\/index.php\/wp-json\/wp\/v2\/product_tag?post=9361"}],"curies":[{"name":"wp","href":"https:\/\/api.w.org\/{rel}","templated":true}]}}