{"id":9388,"date":"2023-09-26T15:20:13","date_gmt":"2023-09-26T13:20:13","guid":{"rendered":"http:\/\/new.decoczar.pl\/index.php\/product\/topper-wieczor-panienski-zloty-imie-9\/"},"modified":"2023-09-26T15:20:13","modified_gmt":"2023-09-26T13:20:13","slug":"topper-wieczor-panienski-zloty-imie-9","status":"publish","type":"product","link":"https:\/\/new.decoczar.pl\/index.php\/product\/topper-wieczor-panienski-zloty-imie-9\/","title":{"rendered":"Topper Wiecz\u00f3r Panie\u0144ski Z\u0142oty + imi\u0119"},"content":{"rendered":"<p>Napisy ze sklejki<\/p>\n<p> \tWymiary 14 cm<br \/>\n \tWysoko\u015b\u0107 12 cm<br \/>\n \tMateria\u0142 : sklejka 3 mm<br \/>\n \tSzpikulce<br \/>\n \tGrafika kobiety<br \/>\n \tCzas realizacji do 5 dni roboczych po zaksi\u0119gowaniu wp\u0142aty<br \/>\n \tW uwagach do zam\u00f3wienia prosz\u0119 wpisa\u0107 imi\u0119<\/p>\n<p>WYSY\u0141KA TYLKO KURIER\/POBRANIE<\/p>\n","protected":false},"excerpt":{"rendered":"<p>Napisy ze sklejki<\/p>\n<p> \tWymiary 14 cm<br \/>\n \tWysoko\u015b\u0107 12 cm<br \/>\n \tMateria\u0142 : sklejka 3 mm<br \/>\n \tSzpikulce<br \/>\n \tGrafika kobiety<br \/>\n \tCzas realizacji do 5 dni roboczych po zaksi\u0119gowaniu wp\u0142aty<br \/>\n \tW uwagach do zam\u00f3wienia prosz\u0119 wpisa\u0107 imi\u0119<\/p>\n<p>WYSY\u0141KA TYLKO KURIER\/POBRANIE<\/p>\n","protected":false},"featured_media":3527,"comment_status":"open","ping_status":"closed","template":"","meta":[],"etheme_brands":[],"product_cat":[64],"product_tag":[],"class_list":["post-9388","product","type-product","status-publish","has-post-thumbnail","hentry","product_cat-topper"],"_links":{"self":[{"href":"https:\/\/new.decoczar.pl\/index.php\/wp-json\/wp\/v2\/product\/9388","targetHints":{"allow":["GET"]}}],"collection":[{"href":"https:\/\/new.decoczar.pl\/index.php\/wp-json\/wp\/v2\/product"}],"about":[{"href":"https:\/\/new.decoczar.pl\/index.php\/wp-json\/wp\/v2\/types\/product"}],"replies":[{"embeddable":true,"href":"https:\/\/new.decoczar.pl\/index.php\/wp-json\/wp\/v2\/comments?post=9388"}],"wp:featuredmedia":[{"embeddable":true,"href":"https:\/\/new.decoczar.pl\/index.php\/wp-json\/wp\/v2\/media\/3527"}],"wp:attachment":[{"href":"https:\/\/new.decoczar.pl\/index.php\/wp-json\/wp\/v2\/media?parent=9388"}],"wp:term":[{"taxonomy":"brand","embeddable":true,"href":"https:\/\/new.decoczar.pl\/index.php\/wp-json\/wp\/v2\/etheme_brands?post=9388"},{"taxonomy":"product_cat","embeddable":true,"href":"https:\/\/new.decoczar.pl\/index.php\/wp-json\/wp\/v2\/product_cat?post=9388"},{"taxonomy":"product_tag","embeddable":true,"href":"https:\/\/new.decoczar.pl\/index.php\/wp-json\/wp\/v2\/product_tag?post=9388"}],"curies":[{"name":"wp","href":"https:\/\/api.w.org\/{rel}","templated":true}]}}