{"id":9462,"date":"2023-09-27T11:56:43","date_gmt":"2023-09-27T09:56:43","guid":{"rendered":"http:\/\/new.decoczar.pl\/index.php\/product\/aniolek-z-grawerem-dla-ojca-chrzestnego-18\/"},"modified":"2023-09-27T11:56:43","modified_gmt":"2023-09-27T09:56:43","slug":"aniolek-z-grawerem-dla-ojca-chrzestnego-18","status":"publish","type":"product","link":"https:\/\/new.decoczar.pl\/index.php\/product\/aniolek-z-grawerem-dla-ojca-chrzestnego-18\/","title":{"rendered":"Anio\u0142ek z grawerem dla Ojca Chrzestnego"},"content":{"rendered":"<p>\u00a0<br \/>\nPami\u0105tka Pierwszej Komunii \u015awi\u0119tej prezent\u00a0na Komuni\u0119, Chrzest, Podzi\u0119kowanie.<br \/>\nNa anio\u0142ku wygrawerujemy Tw\u00f3j dowolny tekst co uczyni go oryginalnym i wyj\u0105tkowym<\/p>\n<p>Stanowi doskona\u0142y prezent, upominek.\u00a0Obdarowana osoba z pewno\u015bci\u0105 doceni ten mi\u0142y gest. Pi\u0119kna dekoracja.<\/p>\n","protected":false},"excerpt":{"rendered":"<p>\u00a0<br \/>\nPami\u0105tka Pierwszej Komunii \u015awi\u0119tej prezent\u00a0na Komuni\u0119, Chrzest, Podzi\u0119kowanie.<br \/>\nNa anio\u0142ku wygrawerujemy Tw\u00f3j dowolny tekst co uczyni go oryginalnym i wyj\u0105tkowym<\/p>\n<p>Stanowi doskona\u0142y prezent, upominek.\u00a0Obdarowana osoba z pewno\u015bci\u0105 doceni ten mi\u0142y gest. Pi\u0119kna dekoracja.<\/p>\n","protected":false},"featured_media":3859,"comment_status":"open","ping_status":"closed","template":"","meta":[],"etheme_brands":[],"product_cat":[83],"product_tag":[],"class_list":["post-9462","product","type-product","status-publish","has-post-thumbnail","hentry","product_cat-chrzest-swiety"],"_links":{"self":[{"href":"https:\/\/new.decoczar.pl\/index.php\/wp-json\/wp\/v2\/product\/9462","targetHints":{"allow":["GET"]}}],"collection":[{"href":"https:\/\/new.decoczar.pl\/index.php\/wp-json\/wp\/v2\/product"}],"about":[{"href":"https:\/\/new.decoczar.pl\/index.php\/wp-json\/wp\/v2\/types\/product"}],"replies":[{"embeddable":true,"href":"https:\/\/new.decoczar.pl\/index.php\/wp-json\/wp\/v2\/comments?post=9462"}],"wp:featuredmedia":[{"embeddable":true,"href":"https:\/\/new.decoczar.pl\/index.php\/wp-json\/wp\/v2\/media\/3859"}],"wp:attachment":[{"href":"https:\/\/new.decoczar.pl\/index.php\/wp-json\/wp\/v2\/media?parent=9462"}],"wp:term":[{"taxonomy":"brand","embeddable":true,"href":"https:\/\/new.decoczar.pl\/index.php\/wp-json\/wp\/v2\/etheme_brands?post=9462"},{"taxonomy":"product_cat","embeddable":true,"href":"https:\/\/new.decoczar.pl\/index.php\/wp-json\/wp\/v2\/product_cat?post=9462"},{"taxonomy":"product_tag","embeddable":true,"href":"https:\/\/new.decoczar.pl\/index.php\/wp-json\/wp\/v2\/product_tag?post=9462"}],"curies":[{"name":"wp","href":"https:\/\/api.w.org\/{rel}","templated":true}]}}