{"id":9492,"date":"2023-09-27T16:10:32","date_gmt":"2023-09-27T14:10:32","guid":{"rendered":"https:\/\/new.decoczar.pl\/index.php\/product\/topper-aniol-nie-kobieta-9\/"},"modified":"2023-09-27T16:10:32","modified_gmt":"2023-09-27T14:10:32","slug":"topper-aniol-nie-kobieta-9","status":"publish","type":"product","link":"https:\/\/new.decoczar.pl\/index.php\/product\/topper-aniol-nie-kobieta-9\/","title":{"rendered":"Topper Anio\u0142 Nie Kobieta"},"content":{"rendered":"<p>Topper Anio\u0142 nie Kobieta<\/p>\n<p>Wykonany ze sklejki gr. 3mm, ci\u0119tej laserem dzi\u0119ki czemu kraw\u0119dzie s\u0105 idealnie g\u0142adkie. Wysoko\u015b\u0107 ca\u0142ego toppera oko\u0142o 7 cm, szeroko\u015b\u0107 10 cm.<\/p>\n<p>Idealnie nadaje si\u0119 na tort czy gad\u017cet do upominku, kwiat\u00f3w<\/p>\n","protected":false},"excerpt":{"rendered":"<p>Topper Anio\u0142 nie Kobieta<\/p>\n<p>Wykonany ze sklejki gr. 3mm, ci\u0119tej laserem dzi\u0119ki czemu kraw\u0119dzie s\u0105 idealnie g\u0142adkie. Wysoko\u015b\u0107 ca\u0142ego toppera oko\u0142o 7 cm, szeroko\u015b\u0107 10 cm.<\/p>\n<p>Idealnie nadaje si\u0119 na tort czy gad\u017cet do upominku, kwiat\u00f3w<\/p>\n","protected":false},"featured_media":4056,"comment_status":"open","ping_status":"closed","template":"","meta":[],"etheme_brands":[],"product_cat":[64],"product_tag":[],"class_list":["post-9492","product","type-product","status-publish","has-post-thumbnail","hentry","product_cat-topper"],"_links":{"self":[{"href":"https:\/\/new.decoczar.pl\/index.php\/wp-json\/wp\/v2\/product\/9492","targetHints":{"allow":["GET"]}}],"collection":[{"href":"https:\/\/new.decoczar.pl\/index.php\/wp-json\/wp\/v2\/product"}],"about":[{"href":"https:\/\/new.decoczar.pl\/index.php\/wp-json\/wp\/v2\/types\/product"}],"replies":[{"embeddable":true,"href":"https:\/\/new.decoczar.pl\/index.php\/wp-json\/wp\/v2\/comments?post=9492"}],"wp:featuredmedia":[{"embeddable":true,"href":"https:\/\/new.decoczar.pl\/index.php\/wp-json\/wp\/v2\/media\/4056"}],"wp:attachment":[{"href":"https:\/\/new.decoczar.pl\/index.php\/wp-json\/wp\/v2\/media?parent=9492"}],"wp:term":[{"taxonomy":"brand","embeddable":true,"href":"https:\/\/new.decoczar.pl\/index.php\/wp-json\/wp\/v2\/etheme_brands?post=9492"},{"taxonomy":"product_cat","embeddable":true,"href":"https:\/\/new.decoczar.pl\/index.php\/wp-json\/wp\/v2\/product_cat?post=9492"},{"taxonomy":"product_tag","embeddable":true,"href":"https:\/\/new.decoczar.pl\/index.php\/wp-json\/wp\/v2\/product_tag?post=9492"}],"curies":[{"name":"wp","href":"https:\/\/api.w.org\/{rel}","templated":true}]}}