{"id":9641,"date":"2023-10-11T08:46:42","date_gmt":"2023-10-11T06:46:42","guid":{"rendered":"http:\/\/new.decoczar.pl\/index.php\/product\/polki-wiszace-komplet-loft-4-szt-10\/"},"modified":"2023-10-11T08:46:42","modified_gmt":"2023-10-11T06:46:42","slug":"polki-wiszace-komplet-loft-4-szt-10","status":"publish","type":"product","link":"https:\/\/new.decoczar.pl\/index.php\/product\/polki-wiszace-komplet-loft-4-szt-10\/","title":{"rendered":"P\u00d3\u0141KI WISZ\u0104CE KOMPLET LOFT 4 szt"},"content":{"rendered":"<p>Cechy Produktu<\/p>\n<p> \tProfil 1,5&#215;1,5 cm<br \/>\n \tWymiary : 1 x 25&#215;55, p\u00f3\u0142ka pod\u0142u\u017cna , 1 x 25&#215;55 p\u00f3lka podw\u00f3jna,<br \/>\n \tWymiary : 2 x 25&#215;25 cm<br \/>\n \tMalowane proszkowo<br \/>\n \tP\u0142yta meblowa 1,8 cm<br \/>\n \tKolor &#8221; D\u0105b Craft Z\u0142oty:<br \/>\n \tG\u0142\u0119boko\u015b\u0107 21 cm<br \/>\n \tWYSY\u0141KA 25 Z\u0141 WP\u0141ATA NA KONTO ! NIE WYSY\u0141AM ZA POBRANIEM<br \/>\n \tKa\u017cdy komplet wykonujemy pod indywidualne zam\u00f3wienie, dlatego termin realizacji to 18 dni roboczych.<br \/>\n \t\u00a0Jako \u017ce jeste\u015bmy producentem istnieje mo\u017cliwo\u015b\u0107 wykonania p\u00f3\u0142ek pod wymiar oraz sprzeda\u017cy osobno.<\/p>\n","protected":false},"excerpt":{"rendered":"<p>Cechy Produktu<\/p>\n<p> \tProfil 1,5&#215;1,5 cm<br \/>\n \tWymiary : 1 x 25&#215;55, p\u00f3\u0142ka pod\u0142u\u017cna , 1 x 25&#215;55 p\u00f3lka podw\u00f3jna,<br \/>\n \tWymiary : 2 x 25&#215;25 cm<br \/>\n \tMalowane proszkowo<br \/>\n \tP\u0142yta meblowa 1,8 cm<br \/>\n \tKolor &#8221; D\u0105b Craft Z\u0142oty:<br \/>\n \tG\u0142\u0119boko\u015b\u0107 21 cm<br \/>\n \tWYSY\u0141KA 25 Z\u0141 WP\u0141ATA NA KONTO ! NIE WYSY\u0141AM ZA POBRANIEM<br \/>\n \tKa\u017cdy komplet wykonujemy pod indywidualne zam\u00f3wienie, dlatego termin realizacji to 18 dni roboczych.<br \/>\n \t\u00a0Jako \u017ce jeste\u015bmy producentem istnieje mo\u017cliwo\u015b\u0107 wykonania p\u00f3\u0142ek pod wymiar oraz sprzeda\u017cy osobno.<\/p>\n","protected":false},"featured_media":4740,"comment_status":"open","ping_status":"closed","template":"","meta":[],"etheme_brands":[],"product_cat":[210],"product_tag":[],"class_list":["post-9641","product","type-product","status-publish","has-post-thumbnail","hentry","product_cat-podstawy-metalowe-stelaze-stojaki-polki-loft"],"_links":{"self":[{"href":"https:\/\/new.decoczar.pl\/index.php\/wp-json\/wp\/v2\/product\/9641","targetHints":{"allow":["GET"]}}],"collection":[{"href":"https:\/\/new.decoczar.pl\/index.php\/wp-json\/wp\/v2\/product"}],"about":[{"href":"https:\/\/new.decoczar.pl\/index.php\/wp-json\/wp\/v2\/types\/product"}],"replies":[{"embeddable":true,"href":"https:\/\/new.decoczar.pl\/index.php\/wp-json\/wp\/v2\/comments?post=9641"}],"wp:featuredmedia":[{"embeddable":true,"href":"https:\/\/new.decoczar.pl\/index.php\/wp-json\/wp\/v2\/media\/4740"}],"wp:attachment":[{"href":"https:\/\/new.decoczar.pl\/index.php\/wp-json\/wp\/v2\/media?parent=9641"}],"wp:term":[{"taxonomy":"brand","embeddable":true,"href":"https:\/\/new.decoczar.pl\/index.php\/wp-json\/wp\/v2\/etheme_brands?post=9641"},{"taxonomy":"product_cat","embeddable":true,"href":"https:\/\/new.decoczar.pl\/index.php\/wp-json\/wp\/v2\/product_cat?post=9641"},{"taxonomy":"product_tag","embeddable":true,"href":"https:\/\/new.decoczar.pl\/index.php\/wp-json\/wp\/v2\/product_tag?post=9641"}],"curies":[{"name":"wp","href":"https:\/\/api.w.org\/{rel}","templated":true}]}}